{"id":58,"date":"2019-05-27T17:32:15","date_gmt":"2019-05-27T15:32:15","guid":{"rendered":"https:\/\/www.tallersantfeliu.com\/?page_id=58"},"modified":"2021-04-21T11:11:04","modified_gmt":"2021-04-21T09:11:04","slug":"ral%c2%b7li","status":"publish","type":"page","link":"https:\/\/www.tallersantfeliu.com\/es\/ral%c2%b7li\/","title":{"rendered":"Rally"},"content":{"rendered":"<p style=\"text-align: justify;\">Gracias a la experiencia obtenida como participantes de rallys de asfalto y de tierra en los \u00faltimos a\u00f1os, hemos comprendido las necesidades que tienen los pilotos y copilotos a la hora de afrontar un rally con opciones a victoria, as\u00ed como los imprescindibles del veh\u00edculo para tener garant\u00edas de \u00e9xito.<\/p>\n<p style=\"text-align: justify;\">Esta experiencia la aplicamos a nuestras reparaciones y puesta a punto de los veh\u00edculos que preparamos para rallys<\/p>\n\t\t<div data-elementor-type=\"section\" data-elementor-id=\"770\" class=\"elementor elementor-770\" data-elementor-post-type=\"elementor_library\">\n\t\t\t\t\t<section class=\"elementor-section elementor-top-section elementor-element elementor-element-cd0e28a elementor-section-full_width elementor-section-height-default elementor-section-height-default\" data-id=\"cd0e28a\" data-element_type=\"section\" data-e-type=\"section\">\n\t\t\t\t\t\t<div class=\"elementor-container elementor-column-gap-no\">\n\t\t\t\t\t<div class=\"elementor-column elementor-col-100 elementor-top-column elementor-element elementor-element-77a5c7e\" data-id=\"77a5c7e\" data-element_type=\"column\" data-e-type=\"column\">\n\t\t\t<div class=\"elementor-widget-wrap elementor-element-populated\">\n\t\t\t\t\t\t<div class=\"elementor-element elementor-element-6163b62 elementor-arrows-position-inside elementor-widget elementor-widget-image-carousel\" data-id=\"6163b62\" data-element_type=\"widget\" data-e-type=\"widget\" data-settings=\"{&quot;slides_to_show&quot;:&quot;1&quot;,&quot;navigation&quot;:&quot;arrows&quot;,&quot;effect&quot;:&quot;fade&quot;,&quot;autoplay&quot;:&quot;yes&quot;,&quot;pause_on_hover&quot;:&quot;yes&quot;,&quot;pause_on_interaction&quot;:&quot;yes&quot;,&quot;autoplay_speed&quot;:5000,&quot;infinite&quot;:&quot;yes&quot;,&quot;speed&quot;:500}\" data-widget_type=\"image-carousel.default\">\n\t\t\t\t<div class=\"elementor-widget-container\">\n\t\t\t\t\t\t\t<div class=\"elementor-image-carousel-wrapper swiper\" role=\"region\" aria-roledescription=\"carousel\" aria-label=\"Carrusel de im\u00e1genes\" dir=\"ltr\">\n\t\t\t<div class=\"elementor-image-carousel swiper-wrapper\" aria-live=\"off\">\n\t\t\t\t\t\t\t\t<div class=\"swiper-slide\" role=\"group\" aria-roledescription=\"slide\" aria-label=\"1 de 6\"><a data-elementor-open-lightbox=\"yes\" data-elementor-lightbox-slideshow=\"6163b62\" data-elementor-lightbox-title=\"Rally | Taller Sant Feliu\" data-elementor-lightbox-description=\"Rally | Taller Sant Feliu\" data-e-action-hash=\"#elementor-action%3Aaction%3Dlightbox%26settings%3DeyJpZCI6NTUwLCJ1cmwiOiJodHRwczpcL1wvd3d3LnRhbGxlcnNhbnRmZWxpdS5jb21cL3dwLWNvbnRlbnRcL3VwbG9hZHNcLzIwMTlcLzA4XC9SYWxcdTAwYjdsaS0wMS1UYWxsZXItU2FudC1GZWxpdS5qcGciLCJzbGlkZXNob3ciOiI2MTYzYjYyIn0%3D\" href=\"https:\/\/www.tallersantfeliu.com\/wp-content\/uploads\/2019\/08\/Ral\u00b7li-01-Taller-Sant-Feliu.jpg\"><figure class=\"swiper-slide-inner\"><img decoding=\"async\" class=\"swiper-slide-image\" src=\"https:\/\/www.tallersantfeliu.com\/wp-content\/uploads\/2019\/08\/Ral\u00b7li-01-Taller-Sant-Feliu.jpg\" alt=\"Rally | Taller Sant Feliu\" \/><\/figure><\/a><\/div><div class=\"swiper-slide\" role=\"group\" aria-roledescription=\"slide\" aria-label=\"2 de 6\"><a data-elementor-open-lightbox=\"yes\" data-elementor-lightbox-slideshow=\"6163b62\" data-elementor-lightbox-title=\"Rally | Taller Sant Feliu\" data-elementor-lightbox-description=\"Rally | Taller Sant Feliu\" data-e-action-hash=\"#elementor-action%3Aaction%3Dlightbox%26settings%3DeyJpZCI6NTUxLCJ1cmwiOiJodHRwczpcL1wvd3d3LnRhbGxlcnNhbnRmZWxpdS5jb21cL3dwLWNvbnRlbnRcL3VwbG9hZHNcLzIwMTlcLzA4XC9SYWxcdTAwYjdsaS0wMi1UYWxsZXItU2FudC1GZWxpdS5qcGciLCJzbGlkZXNob3ciOiI2MTYzYjYyIn0%3D\" href=\"https:\/\/www.tallersantfeliu.com\/wp-content\/uploads\/2019\/08\/Ral\u00b7li-02-Taller-Sant-Feliu.jpg\"><figure class=\"swiper-slide-inner\"><img decoding=\"async\" class=\"swiper-slide-image\" src=\"https:\/\/www.tallersantfeliu.com\/wp-content\/uploads\/2019\/08\/Ral\u00b7li-02-Taller-Sant-Feliu.jpg\" alt=\"Rally | Taller Sant Feliu\" \/><\/figure><\/a><\/div><div class=\"swiper-slide\" role=\"group\" aria-roledescription=\"slide\" aria-label=\"3 de 6\"><a data-elementor-open-lightbox=\"yes\" data-elementor-lightbox-slideshow=\"6163b62\" data-elementor-lightbox-title=\"Rally | Taller Sant Feliu\" data-elementor-lightbox-description=\"Rally | Taller Sant Feliu\" data-e-action-hash=\"#elementor-action%3Aaction%3Dlightbox%26settings%3DeyJpZCI6NTUyLCJ1cmwiOiJodHRwczpcL1wvd3d3LnRhbGxlcnNhbnRmZWxpdS5jb21cL3dwLWNvbnRlbnRcL3VwbG9hZHNcLzIwMTlcLzA4XC9SYWxcdTAwYjdsaS0wMy1UYWxsZXItU2FudC1GZWxpdS5qcGciLCJzbGlkZXNob3ciOiI2MTYzYjYyIn0%3D\" href=\"https:\/\/www.tallersantfeliu.com\/wp-content\/uploads\/2019\/08\/Ral\u00b7li-03-Taller-Sant-Feliu.jpg\"><figure class=\"swiper-slide-inner\"><img decoding=\"async\" class=\"swiper-slide-image\" src=\"https:\/\/www.tallersantfeliu.com\/wp-content\/uploads\/2019\/08\/Ral\u00b7li-03-Taller-Sant-Feliu.jpg\" alt=\"Rally | Taller Sant Feliu\" \/><\/figure><\/a><\/div><div class=\"swiper-slide\" role=\"group\" aria-roledescription=\"slide\" aria-label=\"4 de 6\"><a data-elementor-open-lightbox=\"yes\" data-elementor-lightbox-slideshow=\"6163b62\" data-elementor-lightbox-title=\"Rally | Taller Sant Feliu\" data-elementor-lightbox-description=\"Rally | Taller Sant Feliu\" data-e-action-hash=\"#elementor-action%3Aaction%3Dlightbox%26settings%3DeyJpZCI6NTUzLCJ1cmwiOiJodHRwczpcL1wvd3d3LnRhbGxlcnNhbnRmZWxpdS5jb21cL3dwLWNvbnRlbnRcL3VwbG9hZHNcLzIwMTlcLzA4XC9SYWxcdTAwYjdsaS0wNC1UYWxsZXItU2FudC1GZWxpdS5qcGciLCJzbGlkZXNob3ciOiI2MTYzYjYyIn0%3D\" href=\"https:\/\/www.tallersantfeliu.com\/wp-content\/uploads\/2019\/08\/Ral\u00b7li-04-Taller-Sant-Feliu.jpg\"><figure class=\"swiper-slide-inner\"><img decoding=\"async\" class=\"swiper-slide-image\" src=\"https:\/\/www.tallersantfeliu.com\/wp-content\/uploads\/2019\/08\/Ral\u00b7li-04-Taller-Sant-Feliu.jpg\" alt=\"Rally | Taller Sant Feliu\" \/><\/figure><\/a><\/div><div class=\"swiper-slide\" role=\"group\" aria-roledescription=\"slide\" aria-label=\"5 de 6\"><a data-elementor-open-lightbox=\"yes\" data-elementor-lightbox-slideshow=\"6163b62\" data-elementor-lightbox-title=\"Rally | Taller Sant Feliu\" data-elementor-lightbox-description=\"Rally | Taller Sant Feliu\" data-e-action-hash=\"#elementor-action%3Aaction%3Dlightbox%26settings%3DeyJpZCI6NTU0LCJ1cmwiOiJodHRwczpcL1wvd3d3LnRhbGxlcnNhbnRmZWxpdS5jb21cL3dwLWNvbnRlbnRcL3VwbG9hZHNcLzIwMTlcLzA4XC9SYWxcdTAwYjdsaS0wNS1UYWxsZXItU2FudC1GZWxpdS5qcGciLCJzbGlkZXNob3ciOiI2MTYzYjYyIn0%3D\" href=\"https:\/\/www.tallersantfeliu.com\/wp-content\/uploads\/2019\/08\/Ral\u00b7li-05-Taller-Sant-Feliu.jpg\"><figure class=\"swiper-slide-inner\"><img decoding=\"async\" class=\"swiper-slide-image\" src=\"https:\/\/www.tallersantfeliu.com\/wp-content\/uploads\/2019\/08\/Ral\u00b7li-05-Taller-Sant-Feliu.jpg\" alt=\"Rally | Taller Sant Feliu\" \/><\/figure><\/a><\/div><div class=\"swiper-slide\" role=\"group\" aria-roledescription=\"slide\" aria-label=\"6 de 6\"><a data-elementor-open-lightbox=\"yes\" data-elementor-lightbox-slideshow=\"6163b62\" data-elementor-lightbox-title=\"Rally | Taller Sant Feliu\" data-elementor-lightbox-description=\"Rally | Taller Sant Feliu\" data-e-action-hash=\"#elementor-action%3Aaction%3Dlightbox%26settings%3DeyJpZCI6NTU1LCJ1cmwiOiJodHRwczpcL1wvd3d3LnRhbGxlcnNhbnRmZWxpdS5jb21cL3dwLWNvbnRlbnRcL3VwbG9hZHNcLzIwMTlcLzA4XC9SYWxcdTAwYjdsaS0wNi1UYWxsZXItU2FudC1GZWxpdS5qcGciLCJzbGlkZXNob3ciOiI2MTYzYjYyIn0%3D\" href=\"https:\/\/www.tallersantfeliu.com\/wp-content\/uploads\/2019\/08\/Ral\u00b7li-06-Taller-Sant-Feliu.jpg\"><figure class=\"swiper-slide-inner\"><img decoding=\"async\" class=\"swiper-slide-image\" src=\"https:\/\/www.tallersantfeliu.com\/wp-content\/uploads\/2019\/08\/Ral\u00b7li-06-Taller-Sant-Feliu.jpg\" alt=\"Rally | Taller Sant Feliu\" \/><\/figure><\/a><\/div>\t\t\t<\/div>\n\t\t\t\t\t\t\t\t\t\t\t\t<div class=\"elementor-swiper-button elementor-swiper-button-prev\" role=\"button\" tabindex=\"0\">\n\t\t\t\t\t\t<i aria-hidden=\"true\" class=\"eicon-chevron-left\"><\/i>\t\t\t\t\t<\/div>\n\t\t\t\t\t<div class=\"elementor-swiper-button elementor-swiper-button-next\" role=\"button\" tabindex=\"0\">\n\t\t\t\t\t\t<i aria-hidden=\"true\" class=\"eicon-chevron-right\"><\/i>\t\t\t\t\t<\/div>\n\t\t\t\t\n\t\t\t\t\t\t\t\t\t<\/div>\n\t\t\t\t\t\t<\/div>\n\t\t\t\t<\/div>\n\t\t\t\t\t<\/div>\n\t\t<\/div>\n\t\t\t\t\t<\/div>\n\t\t<\/section>\n\t\t\t\t<\/div>\n\t\t\n","protected":false},"excerpt":{"rendered":"<p>Gracias a la experiencia obtenida como participantes de rallys de asfalto y de tierra en los \u00faltimos a\u00f1os, hemos comprendido las necesidades que tienen los pilotos y copilotos a la hora de afrontar un rally con opciones a victoria, as\u00ed como los imprescindibles del veh\u00edculo para tener garant\u00edas de \u00e9xito. Esta experiencia la aplicamos a<br \/><a class=\"moretag\" href=\"https:\/\/www.tallersantfeliu.com\/es\/ral%c2%b7li\/\">+ Read More<\/a><\/p>\n","protected":false},"author":1,"featured_media":549,"parent":0,"menu_order":0,"comment_status":"closed","ping_status":"closed","template":"","meta":{"footnotes":""},"class_list":["post-58","page","type-page","status-publish","has-post-thumbnail","hentry"],"yoast_head":"<!-- This site is optimized with the Yoast SEO plugin v27.3 - https:\/\/yoast.com\/product\/yoast-seo-wordpress\/ -->\n<title>Rally - Taller Sant Feliu<\/title>\n<meta name=\"robots\" content=\"index, follow, max-snippet:-1, max-image-preview:large, max-video-preview:-1\" \/>\n<link rel=\"canonical\" href=\"https:\/\/www.tallersantfeliu.com\/es\/ral\u00b7li\/\" \/>\n<meta property=\"og:locale\" content=\"es_ES\" \/>\n<meta property=\"og:type\" content=\"article\" \/>\n<meta property=\"og:title\" content=\"Rally - Taller Sant Feliu\" \/>\n<meta property=\"og:description\" content=\"Gracias a la experiencia obtenida como participantes de rallys de asfalto y de tierra en los \u00faltimos a\u00f1os, hemos comprendido las necesidades que tienen los pilotos y copilotos a la hora de afrontar un rally con opciones a victoria, as\u00ed como los imprescindibles del veh\u00edculo para tener garant\u00edas de \u00e9xito. Esta experiencia la aplicamos a+ Read More\" \/>\n<meta property=\"og:url\" content=\"https:\/\/www.tallersantfeliu.com\/es\/ral\u00b7li\/\" \/>\n<meta property=\"og:site_name\" content=\"Taller Sant Feliu\" \/>\n<meta property=\"article:publisher\" content=\"http:\/\/en20taller20sant20feliu20sabemos20que20el20buen20estado20de20los20neum\u00e1ticos20es20imprescindible20para20tu20seguridad.20son20el20\u00fanico20elemento20que20nacen20el20veh\u00edculo20con20el20suelo20te20asesoramos20a20la20hora20de20escoger20los20neum\u00e1ticos20m\u00e1s20adecuados20para20tu20veh\u00edculo20dentro20de20una20amplia20gama20de20modelos20y20precios20por20que20puedas20ir20seguro20independientemente20de20tu20presupuesto.20nos20encargamos20del20montaje20desmontaje20equilibrado20diagnosis20y20reparaci\u00f3n20de20tus20neum\u00e1ticos.\" \/>\n<meta property=\"article:modified_time\" content=\"2021-04-21T09:11:04+00:00\" \/>\n<meta property=\"og:image\" content=\"https:\/\/www.tallersantfeliu.com\/wp-content\/uploads\/2019\/08\/Rally-H-.jpg\" \/>\n\t<meta property=\"og:image:width\" content=\"1400\" \/>\n\t<meta property=\"og:image:height\" content=\"400\" \/>\n\t<meta property=\"og:image:type\" content=\"image\/jpeg\" \/>\n<meta name=\"twitter:card\" content=\"summary_large_image\" \/>\n<script type=\"application\/ld+json\" class=\"yoast-schema-graph\">{\"@context\":\"https:\\\/\\\/schema.org\",\"@graph\":[{\"@type\":\"WebPage\",\"@id\":\"https:\\\/\\\/www.tallersantfeliu.com\\\/es\\\/ral%c2%b7li\\\/\",\"url\":\"https:\\\/\\\/www.tallersantfeliu.com\\\/es\\\/ral%c2%b7li\\\/\",\"name\":\"Rally - Taller Sant Feliu\",\"isPartOf\":{\"@id\":\"https:\\\/\\\/www.tallersantfeliu.com\\\/#website\"},\"primaryImageOfPage\":{\"@id\":\"https:\\\/\\\/www.tallersantfeliu.com\\\/es\\\/ral%c2%b7li\\\/#primaryimage\"},\"image\":{\"@id\":\"https:\\\/\\\/www.tallersantfeliu.com\\\/es\\\/ral%c2%b7li\\\/#primaryimage\"},\"thumbnailUrl\":\"https:\\\/\\\/www.tallersantfeliu.com\\\/wp-content\\\/uploads\\\/2019\\\/08\\\/Rally-H-.jpg\",\"datePublished\":\"2019-05-27T15:32:15+00:00\",\"dateModified\":\"2021-04-21T09:11:04+00:00\",\"breadcrumb\":{\"@id\":\"https:\\\/\\\/www.tallersantfeliu.com\\\/es\\\/ral%c2%b7li\\\/#breadcrumb\"},\"inLanguage\":\"es\",\"potentialAction\":[{\"@type\":\"ReadAction\",\"target\":[\"https:\\\/\\\/www.tallersantfeliu.com\\\/es\\\/ral%c2%b7li\\\/\"]}]},{\"@type\":\"ImageObject\",\"inLanguage\":\"es\",\"@id\":\"https:\\\/\\\/www.tallersantfeliu.com\\\/es\\\/ral%c2%b7li\\\/#primaryimage\",\"url\":\"https:\\\/\\\/www.tallersantfeliu.com\\\/wp-content\\\/uploads\\\/2019\\\/08\\\/Rally-H-.jpg\",\"contentUrl\":\"https:\\\/\\\/www.tallersantfeliu.com\\\/wp-content\\\/uploads\\\/2019\\\/08\\\/Rally-H-.jpg\",\"width\":1400,\"height\":400,\"caption\":\"Rally | Taller Sant Feliu\"},{\"@type\":\"BreadcrumbList\",\"@id\":\"https:\\\/\\\/www.tallersantfeliu.com\\\/es\\\/ral%c2%b7li\\\/#breadcrumb\",\"itemListElement\":[{\"@type\":\"ListItem\",\"position\":1,\"name\":\"Home\",\"item\":\"https:\\\/\\\/www.tallersantfeliu.com\\\/\"},{\"@type\":\"ListItem\",\"position\":2,\"name\":\"Rally\"}]},{\"@type\":\"WebSite\",\"@id\":\"https:\\\/\\\/www.tallersantfeliu.com\\\/#website\",\"url\":\"https:\\\/\\\/www.tallersantfeliu.com\\\/\",\"name\":\"Taller Sant Feliu\",\"description\":\"Taller Sant Feliu. Carretera de Girona, 264. 17220 Sant Feliu de Gu\u00edxols\",\"publisher\":{\"@id\":\"https:\\\/\\\/www.tallersantfeliu.com\\\/#organization\"},\"potentialAction\":[{\"@type\":\"SearchAction\",\"target\":{\"@type\":\"EntryPoint\",\"urlTemplate\":\"https:\\\/\\\/www.tallersantfeliu.com\\\/?s={search_term_string}\"},\"query-input\":{\"@type\":\"PropertyValueSpecification\",\"valueRequired\":true,\"valueName\":\"search_term_string\"}}],\"inLanguage\":\"es\"},{\"@type\":\"Organization\",\"@id\":\"https:\\\/\\\/www.tallersantfeliu.com\\\/#organization\",\"name\":\"Taller Sant Feliu\",\"url\":\"https:\\\/\\\/www.tallersantfeliu.com\\\/\",\"logo\":{\"@type\":\"ImageObject\",\"inLanguage\":\"es\",\"@id\":\"https:\\\/\\\/www.tallersantfeliu.com\\\/#\\\/schema\\\/logo\\\/image\\\/\",\"url\":\"https:\\\/\\\/www.tallersantfeliu.com\\\/wp-content\\\/uploads\\\/2019\\\/05\\\/Taller-Sant-Feliu-Logo-.png\",\"contentUrl\":\"https:\\\/\\\/www.tallersantfeliu.com\\\/wp-content\\\/uploads\\\/2019\\\/05\\\/Taller-Sant-Feliu-Logo-.png\",\"width\":500,\"height\":76,\"caption\":\"Taller Sant Feliu\"},\"image\":{\"@id\":\"https:\\\/\\\/www.tallersantfeliu.com\\\/#\\\/schema\\\/logo\\\/image\\\/\"},\"sameAs\":[\"http:\\\/\\\/en20taller20sant20feliu20sabemos20que20el20buen20estado20de20los20neum\u00e1ticos20es20imprescindible20para20tu20seguridad.20son20el20\u00fanico20elemento20que20nacen20el20veh\u00edculo20con20el20suelo20te20asesoramos20a20la20hora20de20escoger20los20neum\u00e1ticos20m\u00e1s20adecuados20para20tu20veh\u00edculo20dentro20de20una20amplia20gama20de20modelos20y20precios20por20que20puedas20ir20seguro20independientemente20de20tu20presupuesto.20nos20encargamos20del20montaje20desmontaje20equilibrado20diagnosis20y20reparaci\u00f3n20de20tus20neum\u00e1ticos.\"]}]}<\/script>\n<!-- \/ Yoast SEO plugin. -->","yoast_head_json":{"title":"Rally - Taller Sant Feliu","robots":{"index":"index","follow":"follow","max-snippet":"max-snippet:-1","max-image-preview":"max-image-preview:large","max-video-preview":"max-video-preview:-1"},"canonical":"https:\/\/www.tallersantfeliu.com\/es\/ral\u00b7li\/","og_locale":"es_ES","og_type":"article","og_title":"Rally - Taller Sant Feliu","og_description":"Gracias a la experiencia obtenida como participantes de rallys de asfalto y de tierra en los \u00faltimos a\u00f1os, hemos comprendido las necesidades que tienen los pilotos y copilotos a la hora de afrontar un rally con opciones a victoria, as\u00ed como los imprescindibles del veh\u00edculo para tener garant\u00edas de \u00e9xito. Esta experiencia la aplicamos a+ Read More","og_url":"https:\/\/www.tallersantfeliu.com\/es\/ral\u00b7li\/","og_site_name":"Taller Sant Feliu","article_publisher":"http:\/\/en20taller20sant20feliu20sabemos20que20el20buen20estado20de20los20neum\u00e1ticos20es20imprescindible20para20tu20seguridad.20son20el20\u00fanico20elemento20que20nacen20el20veh\u00edculo20con20el20suelo20te20asesoramos20a20la20hora20de20escoger20los20neum\u00e1ticos20m\u00e1s20adecuados20para20tu20veh\u00edculo20dentro20de20una20amplia20gama20de20modelos20y20precios20por20que20puedas20ir20seguro20independientemente20de20tu20presupuesto.20nos20encargamos20del20montaje20desmontaje20equilibrado20diagnosis20y20reparaci\u00f3n20de20tus20neum\u00e1ticos.","article_modified_time":"2021-04-21T09:11:04+00:00","og_image":[{"width":1400,"height":400,"url":"https:\/\/www.tallersantfeliu.com\/wp-content\/uploads\/2019\/08\/Rally-H-.jpg","type":"image\/jpeg"}],"twitter_card":"summary_large_image","schema":{"@context":"https:\/\/schema.org","@graph":[{"@type":"WebPage","@id":"https:\/\/www.tallersantfeliu.com\/es\/ral%c2%b7li\/","url":"https:\/\/www.tallersantfeliu.com\/es\/ral%c2%b7li\/","name":"Rally - Taller Sant Feliu","isPartOf":{"@id":"https:\/\/www.tallersantfeliu.com\/#website"},"primaryImageOfPage":{"@id":"https:\/\/www.tallersantfeliu.com\/es\/ral%c2%b7li\/#primaryimage"},"image":{"@id":"https:\/\/www.tallersantfeliu.com\/es\/ral%c2%b7li\/#primaryimage"},"thumbnailUrl":"https:\/\/www.tallersantfeliu.com\/wp-content\/uploads\/2019\/08\/Rally-H-.jpg","datePublished":"2019-05-27T15:32:15+00:00","dateModified":"2021-04-21T09:11:04+00:00","breadcrumb":{"@id":"https:\/\/www.tallersantfeliu.com\/es\/ral%c2%b7li\/#breadcrumb"},"inLanguage":"es","potentialAction":[{"@type":"ReadAction","target":["https:\/\/www.tallersantfeliu.com\/es\/ral%c2%b7li\/"]}]},{"@type":"ImageObject","inLanguage":"es","@id":"https:\/\/www.tallersantfeliu.com\/es\/ral%c2%b7li\/#primaryimage","url":"https:\/\/www.tallersantfeliu.com\/wp-content\/uploads\/2019\/08\/Rally-H-.jpg","contentUrl":"https:\/\/www.tallersantfeliu.com\/wp-content\/uploads\/2019\/08\/Rally-H-.jpg","width":1400,"height":400,"caption":"Rally | Taller Sant Feliu"},{"@type":"BreadcrumbList","@id":"https:\/\/www.tallersantfeliu.com\/es\/ral%c2%b7li\/#breadcrumb","itemListElement":[{"@type":"ListItem","position":1,"name":"Home","item":"https:\/\/www.tallersantfeliu.com\/"},{"@type":"ListItem","position":2,"name":"Rally"}]},{"@type":"WebSite","@id":"https:\/\/www.tallersantfeliu.com\/#website","url":"https:\/\/www.tallersantfeliu.com\/","name":"Taller Sant Feliu","description":"Taller Sant Feliu. Carretera de Girona, 264. 17220 Sant Feliu de Gu\u00edxols","publisher":{"@id":"https:\/\/www.tallersantfeliu.com\/#organization"},"potentialAction":[{"@type":"SearchAction","target":{"@type":"EntryPoint","urlTemplate":"https:\/\/www.tallersantfeliu.com\/?s={search_term_string}"},"query-input":{"@type":"PropertyValueSpecification","valueRequired":true,"valueName":"search_term_string"}}],"inLanguage":"es"},{"@type":"Organization","@id":"https:\/\/www.tallersantfeliu.com\/#organization","name":"Taller Sant Feliu","url":"https:\/\/www.tallersantfeliu.com\/","logo":{"@type":"ImageObject","inLanguage":"es","@id":"https:\/\/www.tallersantfeliu.com\/#\/schema\/logo\/image\/","url":"https:\/\/www.tallersantfeliu.com\/wp-content\/uploads\/2019\/05\/Taller-Sant-Feliu-Logo-.png","contentUrl":"https:\/\/www.tallersantfeliu.com\/wp-content\/uploads\/2019\/05\/Taller-Sant-Feliu-Logo-.png","width":500,"height":76,"caption":"Taller Sant Feliu"},"image":{"@id":"https:\/\/www.tallersantfeliu.com\/#\/schema\/logo\/image\/"},"sameAs":["http:\/\/en20taller20sant20feliu20sabemos20que20el20buen20estado20de20los20neum\u00e1ticos20es20imprescindible20para20tu20seguridad.20son20el20\u00fanico20elemento20que20nacen20el20veh\u00edculo20con20el20suelo20te20asesoramos20a20la20hora20de20escoger20los20neum\u00e1ticos20m\u00e1s20adecuados20para20tu20veh\u00edculo20dentro20de20una20amplia20gama20de20modelos20y20precios20por20que20puedas20ir20seguro20independientemente20de20tu20presupuesto.20nos20encargamos20del20montaje20desmontaje20equilibrado20diagnosis20y20reparaci\u00f3n20de20tus20neum\u00e1ticos."]}]}},"_links":{"self":[{"href":"https:\/\/www.tallersantfeliu.com\/es\/wp-json\/wp\/v2\/pages\/58","targetHints":{"allow":["GET"]}}],"collection":[{"href":"https:\/\/www.tallersantfeliu.com\/es\/wp-json\/wp\/v2\/pages"}],"about":[{"href":"https:\/\/www.tallersantfeliu.com\/es\/wp-json\/wp\/v2\/types\/page"}],"author":[{"embeddable":true,"href":"https:\/\/www.tallersantfeliu.com\/es\/wp-json\/wp\/v2\/users\/1"}],"replies":[{"embeddable":true,"href":"https:\/\/www.tallersantfeliu.com\/es\/wp-json\/wp\/v2\/comments?post=58"}],"version-history":[{"count":0,"href":"https:\/\/www.tallersantfeliu.com\/es\/wp-json\/wp\/v2\/pages\/58\/revisions"}],"wp:featuredmedia":[{"embeddable":true,"href":"https:\/\/www.tallersantfeliu.com\/es\/wp-json\/wp\/v2\/media\/549"}],"wp:attachment":[{"href":"https:\/\/www.tallersantfeliu.com\/es\/wp-json\/wp\/v2\/media?parent=58"}],"curies":[{"name":"wp","href":"https:\/\/api.w.org\/{rel}","templated":true}]}}