{"id":54,"date":"2019-05-27T17:29:30","date_gmt":"2019-05-27T15:29:30","guid":{"rendered":"https:\/\/www.tallersantfeliu.com\/?page_id=54"},"modified":"2019-08-27T12:22:08","modified_gmt":"2019-08-27T10:22:08","slug":"auto-gas","status":"publish","type":"page","link":"https:\/\/www.tallersantfeliu.com\/es\/auto-gas\/","title":{"rendered":"Auto Gas"},"content":{"rendered":"\t\t<div data-elementor-type=\"wp-post\" data-elementor-id=\"54\" class=\"elementor elementor-54\" data-elementor-post-type=\"page\">\n\t\t\t\t\t\t<section class=\"elementor-section elementor-top-section elementor-element elementor-element-7fd2528 elementor-section-full_width elementor-section-height-default elementor-section-height-default\" data-id=\"7fd2528\" data-element_type=\"section\" data-e-type=\"section\">\n\t\t\t\t\t\t<div class=\"elementor-container elementor-column-gap-no\">\n\t\t\t\t\t<div class=\"elementor-column elementor-col-100 elementor-top-column elementor-element elementor-element-4a9fa3a\" data-id=\"4a9fa3a\" data-element_type=\"column\" data-e-type=\"column\">\n\t\t\t<div class=\"elementor-widget-wrap elementor-element-populated\">\n\t\t\t\t\t\t<div class=\"elementor-element elementor-element-119a23d elementor-widget elementor-widget-text-editor\" data-id=\"119a23d\" data-element_type=\"widget\" data-e-type=\"widget\" data-widget_type=\"text-editor.default\">\n\t\t\t\t<div class=\"elementor-widget-container\">\n\t\t\t\t\t\t\t\t\t<p>A <strong>Taller Sant Feliu<\/strong> et presentem una nova manera d\u2019estalviar costos de forma ecol\u00f2gica i eficient: el <strong>sistema VGI.<\/strong><\/p><p>Un sistema de gas amb injecci\u00f3 electr\u00f2nica.<\/p>\t\t\t\t\t\t\t\t<\/div>\n\t\t\t\t<\/div>\n\t\t\t\t\t<\/div>\n\t\t<\/div>\n\t\t\t\t\t<\/div>\n\t\t<\/section>\n\t\t\t\t<section class=\"elementor-section elementor-top-section elementor-element elementor-element-42418b79 elementor-section-full_width elementor-section-height-default elementor-section-height-default\" data-id=\"42418b79\" data-element_type=\"section\" data-e-type=\"section\">\n\t\t\t\t\t\t<div class=\"elementor-container elementor-column-gap-no\">\n\t\t\t\t\t<div class=\"elementor-column elementor-col-100 elementor-top-column elementor-element elementor-element-474ec271\" data-id=\"474ec271\" data-element_type=\"column\" data-e-type=\"column\">\n\t\t\t<div class=\"elementor-widget-wrap elementor-element-populated\">\n\t\t\t\t\t\t<div class=\"elementor-element elementor-element-5f49d490 elementor-widget elementor-widget-text-editor\" data-id=\"5f49d490\" data-element_type=\"widget\" data-e-type=\"widget\" data-widget_type=\"text-editor.default\">\n\t\t\t\t<div class=\"elementor-widget-container\">\n\t\t\t\t\t\t\t\t\t<p>L\u2019<strong>AutoGas GLP<\/strong> (Gas Liquat de Petroli) \u00e9s una barreja de but\u00e0 i prop\u00e0. \u00c9s el tercer carburant m\u00e9s utilitzat a la industria de l\u2019autom\u00f2bil.<\/p><p>Els seus nivells d\u2019emissi\u00f3 de contaminants s\u00f3n molt redu\u00efts, amb un gran poder energ\u00e8tic i a un preu que oscil\u00b7la el 50% d\u2019altres carburants.<\/p>\t\t\t\t\t\t\t\t<\/div>\n\t\t\t\t<\/div>\n\t\t\t\t<div class=\"elementor-element elementor-element-36a9761 elementor-widget elementor-widget-heading\" data-id=\"36a9761\" data-element_type=\"widget\" data-e-type=\"widget\" data-widget_type=\"heading.default\">\n\t\t\t\t<div class=\"elementor-widget-container\">\n\t\t\t\t\t<h3 class=\"elementor-heading-title elementor-size-default\">Som instal\u00b7ladors i reparadors de vehicles que es mouen amb gas\n\n<\/h3>\t\t\t\t<\/div>\n\t\t\t\t<\/div>\n\t\t\t\t<div class=\"elementor-element elementor-element-82c34e1 elementor-widget elementor-widget-text-editor\" data-id=\"82c34e1\" data-element_type=\"widget\" data-e-type=\"widget\" data-widget_type=\"text-editor.default\">\n\t\t\t\t<div class=\"elementor-widget-container\">\n\t\t\t\t\t\t\t\t\t<p>A <strong>Taller Sant Feliu<\/strong> transformem els vehicles de benzina en vehicles propulsats per gas.<\/p>\t\t\t\t\t\t\t\t<\/div>\n\t\t\t\t<\/div>\n\t\t\t\t\t<\/div>\n\t\t<\/div>\n\t\t\t\t\t<\/div>\n\t\t<\/section>\n\t\t\t\t<section class=\"elementor-section elementor-top-section elementor-element elementor-element-fb6f094 elementor-section-full_width elementor-section-height-default elementor-section-height-default\" data-id=\"fb6f094\" data-element_type=\"section\" data-e-type=\"section\">\n\t\t\t\t\t\t<div class=\"elementor-container elementor-column-gap-no\">\n\t\t\t\t\t<div class=\"elementor-column elementor-col-100 elementor-top-column elementor-element elementor-element-ea232ff\" data-id=\"ea232ff\" data-element_type=\"column\" data-e-type=\"column\">\n\t\t\t<div class=\"elementor-widget-wrap elementor-element-populated\">\n\t\t\t\t\t\t<div class=\"elementor-element elementor-element-475bc1f elementor-widget elementor-widget-heading\" data-id=\"475bc1f\" data-element_type=\"widget\" data-e-type=\"widget\" data-widget_type=\"heading.default\">\n\t\t\t\t<div class=\"elementor-widget-container\">\n\t\t\t\t\t<h3 class=\"elementor-heading-title elementor-size-default\">Per qu\u00e8 fer-ho? Aqu\u00ed tens uns quants motius:\n<\/h3>\t\t\t\t<\/div>\n\t\t\t\t<\/div>\n\t\t\t\t<div class=\"elementor-element elementor-element-8b46d60 elementor-widget elementor-widget-heading\" data-id=\"8b46d60\" data-element_type=\"widget\" data-e-type=\"widget\" data-widget_type=\"heading.default\">\n\t\t\t\t<div class=\"elementor-widget-container\">\n\t\t\t\t\t<h4 class=\"elementor-heading-title elementor-size-default\">M\u00e9s ecol\u00f2gic<\/h4>\t\t\t\t<\/div>\n\t\t\t\t<\/div>\n\t\t\t\t<div class=\"elementor-element elementor-element-3e9a6e2 elementor-widget elementor-widget-text-editor\" data-id=\"3e9a6e2\" data-element_type=\"widget\" data-e-type=\"widget\" data-widget_type=\"text-editor.default\">\n\t\t\t\t<div class=\"elementor-widget-container\">\n\t\t\t\t\t\t\t\t\t<p><\/p><ul><li>Baixa les emissions de CO2 en un 15%.<\/li><li>Redueix un 95% els \u00d2xids de Nitrogen.<\/li><li>No allibera part\u00edcules cancer\u00edgenes.<\/li><li>No cont\u00e9 compostos com sofre, plom\u2026<\/li><li>Redueix el soroll en gaireb\u00e9 un 50%.<\/li><\/ul><p><\/p>\t\t\t\t\t\t\t\t<\/div>\n\t\t\t\t<\/div>\n\t\t\t\t<div class=\"elementor-element elementor-element-02d24d4 elementor-widget elementor-widget-heading\" data-id=\"02d24d4\" data-element_type=\"widget\" data-e-type=\"widget\" data-widget_type=\"heading.default\">\n\t\t\t\t<div class=\"elementor-widget-container\">\n\t\t\t\t\t<h4 class=\"elementor-heading-title elementor-size-default\">M\u00e9s econ\u00f2mic<\/h4>\t\t\t\t<\/div>\n\t\t\t\t<\/div>\n\t\t\t\t<div class=\"elementor-element elementor-element-0bc3065 elementor-widget elementor-widget-text-editor\" data-id=\"0bc3065\" data-element_type=\"widget\" data-e-type=\"widget\" data-widget_type=\"text-editor.default\">\n\t\t\t\t<div class=\"elementor-widget-container\">\n\t\t\t\t\t\t\t\t\t<p><\/p><ul><li>50% d\u2019estalvi respecte benzina.<\/li><li>Augmenta la vida del vehicle.<\/li><li>Augmenta el valor de venta del vehicle.<\/li><li>Major autonomia.<\/li><li>Descompte de l\u2019impost municipal de fins un 75%.<\/li><li>Descompte a algunes autopistes i t\u00fanels.<\/li><li>Ajuts a algunes comunitats aut\u00f2nomes.<\/li><li>Descomptes a algunes companyies de carburants.<\/li><\/ul><p><\/p>\t\t\t\t\t\t\t\t<\/div>\n\t\t\t\t<\/div>\n\t\t\t\t<div class=\"elementor-element elementor-element-1d856d6 elementor-widget elementor-widget-heading\" data-id=\"1d856d6\" data-element_type=\"widget\" data-e-type=\"widget\" data-widget_type=\"heading.default\">\n\t\t\t\t<div class=\"elementor-widget-container\">\n\t\t\t\t\t<h4 class=\"elementor-heading-title elementor-size-default\">Millor manteniment<\/h4>\t\t\t\t<\/div>\n\t\t\t\t<\/div>\n\t\t\t\t<div class=\"elementor-element elementor-element-fde58ef elementor-widget elementor-widget-text-editor\" data-id=\"fde58ef\" data-element_type=\"widget\" data-e-type=\"widget\" data-widget_type=\"text-editor.default\">\n\t\t\t\t<div class=\"elementor-widget-container\">\n\t\t\t\t\t\t\t\t\t<p><\/p><ul><li>M\u00e9s durada del motor del vehicle.<\/li><li>Menys avaries.<\/li><li>Costos de reparaci\u00f3 i manteniment m\u00e9s econ\u00f2mics.<\/li><\/ul><p><\/p>\t\t\t\t\t\t\t\t<\/div>\n\t\t\t\t<\/div>\n\t\t\t\t<div class=\"elementor-element elementor-element-b3057f7 elementor-widget elementor-widget-heading\" data-id=\"b3057f7\" data-element_type=\"widget\" data-e-type=\"widget\" data-widget_type=\"heading.default\">\n\t\t\t\t<div class=\"elementor-widget-container\">\n\t\t\t\t\t<h4 class=\"elementor-heading-title elementor-size-default\">M\u00e9s autonomia<\/h4>\t\t\t\t<\/div>\n\t\t\t\t<\/div>\n\t\t\t\t<div class=\"elementor-element elementor-element-b609652 elementor-widget elementor-widget-text-editor\" data-id=\"b609652\" data-element_type=\"widget\" data-e-type=\"widget\" data-widget_type=\"text-editor.default\">\n\t\t\t\t<div class=\"elementor-widget-container\">\n\t\t\t\t\t\t\t\t\t<p><\/p><ul><li>Un vehicle d\u2019AutoGas disposa de dip\u00f2sit de benzina i tamb\u00e9 de gas, aix\u00ed que pot funcionar amb els dos combustibles.<\/li><li>Pot rec\u00f3rrer uns 500 km utilitzant nom\u00e9s el dip\u00f2sit GLP.<\/li><\/ul><p><\/p>\t\t\t\t\t\t\t\t<\/div>\n\t\t\t\t<\/div>\n\t\t\t\t\t<\/div>\n\t\t<\/div>\n\t\t\t\t\t<\/div>\n\t\t<\/section>\n\t\t\t\t<\/div>\n\t\t","protected":false},"excerpt":{"rendered":"<p>En Taller Sant Feliu te presentamos una nueva manera de ahorrar costes de forma ecol\u00f3gica y eficiente: el sistema\u00a0VGI. Un sistema de gas con inyecci\u00f3n electr\u00f3nica. \u00bfQUIERES UN COCHE QUE CONSUMA POCO? \u00a1Pues aqu\u00ed lo tienes! \u00a1Instala Autogas! El AutoGas\u00a0GLP (Gas Licuado de Petr\u00f3leo) es una mezcla de butano y propano. Es el tercer carburante<br \/><a class=\"moretag\" href=\"https:\/\/www.tallersantfeliu.com\/es\/auto-gas\/\">+ Read More<\/a><\/p>\n","protected":false},"author":1,"featured_media":0,"parent":0,"menu_order":0,"comment_status":"closed","ping_status":"closed","template":"","meta":{"footnotes":""},"class_list":["post-54","page","type-page","status-publish","hentry"],"yoast_head":"<!-- This site is optimized with the Yoast SEO plugin v27.3 - https:\/\/yoast.com\/product\/yoast-seo-wordpress\/ -->\n<title>Auto Gas - Taller Sant Feliu<\/title>\n<meta name=\"robots\" content=\"index, follow, max-snippet:-1, max-image-preview:large, max-video-preview:-1\" \/>\n<link rel=\"canonical\" href=\"https:\/\/www.tallersantfeliu.com\/es\/auto-gas\/\" \/>\n<meta property=\"og:locale\" content=\"es_ES\" \/>\n<meta property=\"og:type\" content=\"article\" \/>\n<meta property=\"og:title\" content=\"Auto Gas - Taller Sant Feliu\" \/>\n<meta property=\"og:description\" content=\"En Taller Sant Feliu te presentamos una nueva manera de ahorrar costes de forma ecol\u00f3gica y eficiente: el sistema\u00a0VGI. Un sistema de gas con inyecci\u00f3n electr\u00f3nica. \u00bfQUIERES UN COCHE QUE CONSUMA POCO? \u00a1Pues aqu\u00ed lo tienes! \u00a1Instala Autogas! El AutoGas\u00a0GLP (Gas Licuado de Petr\u00f3leo) es una mezcla de butano y propano. Es el tercer carburante+ Read More\" \/>\n<meta property=\"og:url\" content=\"https:\/\/www.tallersantfeliu.com\/es\/auto-gas\/\" \/>\n<meta property=\"og:site_name\" content=\"Taller Sant Feliu\" \/>\n<meta property=\"article:publisher\" content=\"http:\/\/en20taller20sant20feliu20sabemos20que20el20buen20estado20de20los20neum\u00e1ticos20es20imprescindible20para20tu20seguridad.20son20el20\u00fanico20elemento20que20nacen20el20veh\u00edculo20con20el20suelo20te20asesoramos20a20la20hora20de20escoger20los20neum\u00e1ticos20m\u00e1s20adecuados20para20tu20veh\u00edculo20dentro20de20una20amplia20gama20de20modelos20y20precios20por20que20puedas20ir20seguro20independientemente20de20tu20presupuesto.20nos20encargamos20del20montaje20desmontaje20equilibrado20diagnosis20y20reparaci\u00f3n20de20tus20neum\u00e1ticos.\" \/>\n<meta property=\"article:modified_time\" content=\"2019-08-27T10:22:08+00:00\" \/>\n<meta property=\"og:image\" content=\"https:\/\/www.tallersantfeliu.com\/wp-content\/uploads\/2019\/07\/Autogas-Taller-Sant-Feliu.jpg\" \/>\n<meta name=\"twitter:card\" content=\"summary_large_image\" \/>\n<meta name=\"twitter:label1\" content=\"Tiempo de lectura\" \/>\n\t<meta name=\"twitter:data1\" content=\"1 minuto\" \/>\n<script type=\"application\/ld+json\" class=\"yoast-schema-graph\">{\"@context\":\"https:\\\/\\\/schema.org\",\"@graph\":[{\"@type\":\"WebPage\",\"@id\":\"https:\\\/\\\/www.tallersantfeliu.com\\\/es\\\/auto-gas\\\/\",\"url\":\"https:\\\/\\\/www.tallersantfeliu.com\\\/es\\\/auto-gas\\\/\",\"name\":\"Auto Gas - Taller Sant Feliu\",\"isPartOf\":{\"@id\":\"https:\\\/\\\/www.tallersantfeliu.com\\\/#website\"},\"primaryImageOfPage\":{\"@id\":\"https:\\\/\\\/www.tallersantfeliu.com\\\/es\\\/auto-gas\\\/#primaryimage\"},\"image\":{\"@id\":\"https:\\\/\\\/www.tallersantfeliu.com\\\/es\\\/auto-gas\\\/#primaryimage\"},\"thumbnailUrl\":\"https:\\\/\\\/www.tallersantfeliu.com\\\/wp-content\\\/uploads\\\/2019\\\/07\\\/Autogas-Taller-Sant-Feliu.jpg\",\"datePublished\":\"2019-05-27T15:29:30+00:00\",\"dateModified\":\"2019-08-27T10:22:08+00:00\",\"breadcrumb\":{\"@id\":\"https:\\\/\\\/www.tallersantfeliu.com\\\/es\\\/auto-gas\\\/#breadcrumb\"},\"inLanguage\":\"es\",\"potentialAction\":[{\"@type\":\"ReadAction\",\"target\":[\"https:\\\/\\\/www.tallersantfeliu.com\\\/es\\\/auto-gas\\\/\"]}]},{\"@type\":\"ImageObject\",\"inLanguage\":\"es\",\"@id\":\"https:\\\/\\\/www.tallersantfeliu.com\\\/es\\\/auto-gas\\\/#primaryimage\",\"url\":\"https:\\\/\\\/www.tallersantfeliu.com\\\/wp-content\\\/uploads\\\/2019\\\/07\\\/Autogas-Taller-Sant-Feliu.jpg\",\"contentUrl\":\"https:\\\/\\\/www.tallersantfeliu.com\\\/wp-content\\\/uploads\\\/2019\\\/07\\\/Autogas-Taller-Sant-Feliu.jpg\"},{\"@type\":\"BreadcrumbList\",\"@id\":\"https:\\\/\\\/www.tallersantfeliu.com\\\/es\\\/auto-gas\\\/#breadcrumb\",\"itemListElement\":[{\"@type\":\"ListItem\",\"position\":1,\"name\":\"Home\",\"item\":\"https:\\\/\\\/www.tallersantfeliu.com\\\/\"},{\"@type\":\"ListItem\",\"position\":2,\"name\":\"Auto Gas\"}]},{\"@type\":\"WebSite\",\"@id\":\"https:\\\/\\\/www.tallersantfeliu.com\\\/#website\",\"url\":\"https:\\\/\\\/www.tallersantfeliu.com\\\/\",\"name\":\"Taller Sant Feliu\",\"description\":\"Taller Sant Feliu. Carretera de Girona, 264. 17220 Sant Feliu de Gu\u00edxols\",\"publisher\":{\"@id\":\"https:\\\/\\\/www.tallersantfeliu.com\\\/#organization\"},\"potentialAction\":[{\"@type\":\"SearchAction\",\"target\":{\"@type\":\"EntryPoint\",\"urlTemplate\":\"https:\\\/\\\/www.tallersantfeliu.com\\\/?s={search_term_string}\"},\"query-input\":{\"@type\":\"PropertyValueSpecification\",\"valueRequired\":true,\"valueName\":\"search_term_string\"}}],\"inLanguage\":\"es\"},{\"@type\":\"Organization\",\"@id\":\"https:\\\/\\\/www.tallersantfeliu.com\\\/#organization\",\"name\":\"Taller Sant Feliu\",\"url\":\"https:\\\/\\\/www.tallersantfeliu.com\\\/\",\"logo\":{\"@type\":\"ImageObject\",\"inLanguage\":\"es\",\"@id\":\"https:\\\/\\\/www.tallersantfeliu.com\\\/#\\\/schema\\\/logo\\\/image\\\/\",\"url\":\"https:\\\/\\\/www.tallersantfeliu.com\\\/wp-content\\\/uploads\\\/2019\\\/05\\\/Taller-Sant-Feliu-Logo-.png\",\"contentUrl\":\"https:\\\/\\\/www.tallersantfeliu.com\\\/wp-content\\\/uploads\\\/2019\\\/05\\\/Taller-Sant-Feliu-Logo-.png\",\"width\":500,\"height\":76,\"caption\":\"Taller Sant Feliu\"},\"image\":{\"@id\":\"https:\\\/\\\/www.tallersantfeliu.com\\\/#\\\/schema\\\/logo\\\/image\\\/\"},\"sameAs\":[\"http:\\\/\\\/en20taller20sant20feliu20sabemos20que20el20buen20estado20de20los20neum\u00e1ticos20es20imprescindible20para20tu20seguridad.20son20el20\u00fanico20elemento20que20nacen20el20veh\u00edculo20con20el20suelo20te20asesoramos20a20la20hora20de20escoger20los20neum\u00e1ticos20m\u00e1s20adecuados20para20tu20veh\u00edculo20dentro20de20una20amplia20gama20de20modelos20y20precios20por20que20puedas20ir20seguro20independientemente20de20tu20presupuesto.20nos20encargamos20del20montaje20desmontaje20equilibrado20diagnosis20y20reparaci\u00f3n20de20tus20neum\u00e1ticos.\"]}]}<\/script>\n<!-- \/ Yoast SEO plugin. -->","yoast_head_json":{"title":"Auto Gas - Taller Sant Feliu","robots":{"index":"index","follow":"follow","max-snippet":"max-snippet:-1","max-image-preview":"max-image-preview:large","max-video-preview":"max-video-preview:-1"},"canonical":"https:\/\/www.tallersantfeliu.com\/es\/auto-gas\/","og_locale":"es_ES","og_type":"article","og_title":"Auto Gas - Taller Sant Feliu","og_description":"En Taller Sant Feliu te presentamos una nueva manera de ahorrar costes de forma ecol\u00f3gica y eficiente: el sistema\u00a0VGI. Un sistema de gas con inyecci\u00f3n electr\u00f3nica. \u00bfQUIERES UN COCHE QUE CONSUMA POCO? \u00a1Pues aqu\u00ed lo tienes! \u00a1Instala Autogas! El AutoGas\u00a0GLP (Gas Licuado de Petr\u00f3leo) es una mezcla de butano y propano. Es el tercer carburante+ Read More","og_url":"https:\/\/www.tallersantfeliu.com\/es\/auto-gas\/","og_site_name":"Taller Sant Feliu","article_publisher":"http:\/\/en20taller20sant20feliu20sabemos20que20el20buen20estado20de20los20neum\u00e1ticos20es20imprescindible20para20tu20seguridad.20son20el20\u00fanico20elemento20que20nacen20el20veh\u00edculo20con20el20suelo20te20asesoramos20a20la20hora20de20escoger20los20neum\u00e1ticos20m\u00e1s20adecuados20para20tu20veh\u00edculo20dentro20de20una20amplia20gama20de20modelos20y20precios20por20que20puedas20ir20seguro20independientemente20de20tu20presupuesto.20nos20encargamos20del20montaje20desmontaje20equilibrado20diagnosis20y20reparaci\u00f3n20de20tus20neum\u00e1ticos.","article_modified_time":"2019-08-27T10:22:08+00:00","og_image":[{"url":"https:\/\/www.tallersantfeliu.com\/wp-content\/uploads\/2019\/07\/Autogas-Taller-Sant-Feliu.jpg","type":"","width":"","height":""}],"twitter_card":"summary_large_image","twitter_misc":{"Tiempo de lectura":"1 minuto"},"schema":{"@context":"https:\/\/schema.org","@graph":[{"@type":"WebPage","@id":"https:\/\/www.tallersantfeliu.com\/es\/auto-gas\/","url":"https:\/\/www.tallersantfeliu.com\/es\/auto-gas\/","name":"Auto Gas - Taller Sant Feliu","isPartOf":{"@id":"https:\/\/www.tallersantfeliu.com\/#website"},"primaryImageOfPage":{"@id":"https:\/\/www.tallersantfeliu.com\/es\/auto-gas\/#primaryimage"},"image":{"@id":"https:\/\/www.tallersantfeliu.com\/es\/auto-gas\/#primaryimage"},"thumbnailUrl":"https:\/\/www.tallersantfeliu.com\/wp-content\/uploads\/2019\/07\/Autogas-Taller-Sant-Feliu.jpg","datePublished":"2019-05-27T15:29:30+00:00","dateModified":"2019-08-27T10:22:08+00:00","breadcrumb":{"@id":"https:\/\/www.tallersantfeliu.com\/es\/auto-gas\/#breadcrumb"},"inLanguage":"es","potentialAction":[{"@type":"ReadAction","target":["https:\/\/www.tallersantfeliu.com\/es\/auto-gas\/"]}]},{"@type":"ImageObject","inLanguage":"es","@id":"https:\/\/www.tallersantfeliu.com\/es\/auto-gas\/#primaryimage","url":"https:\/\/www.tallersantfeliu.com\/wp-content\/uploads\/2019\/07\/Autogas-Taller-Sant-Feliu.jpg","contentUrl":"https:\/\/www.tallersantfeliu.com\/wp-content\/uploads\/2019\/07\/Autogas-Taller-Sant-Feliu.jpg"},{"@type":"BreadcrumbList","@id":"https:\/\/www.tallersantfeliu.com\/es\/auto-gas\/#breadcrumb","itemListElement":[{"@type":"ListItem","position":1,"name":"Home","item":"https:\/\/www.tallersantfeliu.com\/"},{"@type":"ListItem","position":2,"name":"Auto Gas"}]},{"@type":"WebSite","@id":"https:\/\/www.tallersantfeliu.com\/#website","url":"https:\/\/www.tallersantfeliu.com\/","name":"Taller Sant Feliu","description":"Taller Sant Feliu. Carretera de Girona, 264. 17220 Sant Feliu de Gu\u00edxols","publisher":{"@id":"https:\/\/www.tallersantfeliu.com\/#organization"},"potentialAction":[{"@type":"SearchAction","target":{"@type":"EntryPoint","urlTemplate":"https:\/\/www.tallersantfeliu.com\/?s={search_term_string}"},"query-input":{"@type":"PropertyValueSpecification","valueRequired":true,"valueName":"search_term_string"}}],"inLanguage":"es"},{"@type":"Organization","@id":"https:\/\/www.tallersantfeliu.com\/#organization","name":"Taller Sant Feliu","url":"https:\/\/www.tallersantfeliu.com\/","logo":{"@type":"ImageObject","inLanguage":"es","@id":"https:\/\/www.tallersantfeliu.com\/#\/schema\/logo\/image\/","url":"https:\/\/www.tallersantfeliu.com\/wp-content\/uploads\/2019\/05\/Taller-Sant-Feliu-Logo-.png","contentUrl":"https:\/\/www.tallersantfeliu.com\/wp-content\/uploads\/2019\/05\/Taller-Sant-Feliu-Logo-.png","width":500,"height":76,"caption":"Taller Sant Feliu"},"image":{"@id":"https:\/\/www.tallersantfeliu.com\/#\/schema\/logo\/image\/"},"sameAs":["http:\/\/en20taller20sant20feliu20sabemos20que20el20buen20estado20de20los20neum\u00e1ticos20es20imprescindible20para20tu20seguridad.20son20el20\u00fanico20elemento20que20nacen20el20veh\u00edculo20con20el20suelo20te20asesoramos20a20la20hora20de20escoger20los20neum\u00e1ticos20m\u00e1s20adecuados20para20tu20veh\u00edculo20dentro20de20una20amplia20gama20de20modelos20y20precios20por20que20puedas20ir20seguro20independientemente20de20tu20presupuesto.20nos20encargamos20del20montaje20desmontaje20equilibrado20diagnosis20y20reparaci\u00f3n20de20tus20neum\u00e1ticos."]}]}},"_links":{"self":[{"href":"https:\/\/www.tallersantfeliu.com\/es\/wp-json\/wp\/v2\/pages\/54","targetHints":{"allow":["GET"]}}],"collection":[{"href":"https:\/\/www.tallersantfeliu.com\/es\/wp-json\/wp\/v2\/pages"}],"about":[{"href":"https:\/\/www.tallersantfeliu.com\/es\/wp-json\/wp\/v2\/types\/page"}],"author":[{"embeddable":true,"href":"https:\/\/www.tallersantfeliu.com\/es\/wp-json\/wp\/v2\/users\/1"}],"replies":[{"embeddable":true,"href":"https:\/\/www.tallersantfeliu.com\/es\/wp-json\/wp\/v2\/comments?post=54"}],"version-history":[{"count":0,"href":"https:\/\/www.tallersantfeliu.com\/es\/wp-json\/wp\/v2\/pages\/54\/revisions"}],"wp:attachment":[{"href":"https:\/\/www.tallersantfeliu.com\/es\/wp-json\/wp\/v2\/media?parent=54"}],"curies":[{"name":"wp","href":"https:\/\/api.w.org\/{rel}","templated":true}]}}