{"id":52,"date":"2019-05-27T17:29:10","date_gmt":"2019-05-27T15:29:10","guid":{"rendered":"https:\/\/www.tallersantfeliu.com\/?page_id=52"},"modified":"2019-07-10T16:44:00","modified_gmt":"2019-07-10T14:44:00","slug":"diagnosi","status":"publish","type":"page","link":"https:\/\/www.tallersantfeliu.com\/es\/diagnosi\/","title":{"rendered":"Diagnosis"},"content":{"rendered":"<h3 style=\"text-align: justify;\">\u00a1La diagnosis es nuestro punto fuerte!<\/h3>\n<p style=\"text-align: justify;\">En <strong>Taller Sant Feliu<\/strong> disponemos de la maquinaria m\u00e1s moderna y actualizada del mercado, y disponemos de la experiencia, formaci\u00f3n y conocimientos adquiridos durante treinta a\u00f1os para garantizar una diagnosis totalmente fiable.<\/p>\n<p style=\"text-align: justify;\">Y es que nuestra pol\u00edtica de reparaciones se basa en la diagnosis, tanto de aver\u00edas como de reparaciones. Nuestra experiencia nos ha ense\u00f1ado que una correcta reparaci\u00f3n es aquella que se ha diagnosticado correctamente y por tanto se ha localizado la causa del problema. \u00a1Es la \u00fanica manera de garantizar una reparaci\u00f3n bien hecha!<\/p>\n<p style=\"text-align: justify;\">Nuestra filosof\u00eda de diagnosis la aplicamos tanto a aver\u00edas de motor como sistemas el\u00e9ctricos de habit\u00e1culo, elementos multimedia, sistemas de seguridad, aire acondicionado&#8230;<\/p>\n","protected":false},"excerpt":{"rendered":"<p>\u00a1La diagnosis es nuestro punto fuerte! En Taller Sant Feliu disponemos de la maquinaria m\u00e1s moderna y actualizada del mercado, y disponemos de la experiencia, formaci\u00f3n y conocimientos adquiridos durante treinta a\u00f1os para garantizar una diagnosis totalmente fiable. Y es que nuestra pol\u00edtica de reparaciones se basa en la diagnosis, tanto de aver\u00edas como de<br \/><a class=\"moretag\" href=\"https:\/\/www.tallersantfeliu.com\/es\/diagnosi\/\">+ Read More<\/a><\/p>\n","protected":false},"author":1,"featured_media":512,"parent":0,"menu_order":0,"comment_status":"closed","ping_status":"closed","template":"","meta":{"footnotes":""},"class_list":["post-52","page","type-page","status-publish","has-post-thumbnail","hentry"],"yoast_head":"<!-- This site is optimized with the Yoast SEO plugin v27.4 - https:\/\/yoast.com\/product\/yoast-seo-wordpress\/ -->\n<title>Diagnosis - Taller Sant Feliu<\/title>\n<meta name=\"robots\" content=\"index, follow, max-snippet:-1, max-image-preview:large, max-video-preview:-1\" \/>\n<link rel=\"canonical\" href=\"https:\/\/www.tallersantfeliu.com\/diagnosi\/\" \/>\n<meta property=\"og:locale\" content=\"es_ES\" \/>\n<meta property=\"og:type\" content=\"article\" \/>\n<meta property=\"og:title\" content=\"Diagnosis - Taller Sant Feliu\" \/>\n<meta property=\"og:description\" content=\"\u00a1La diagnosis es nuestro punto fuerte! En Taller Sant Feliu disponemos de la maquinaria m\u00e1s moderna y actualizada del mercado, y disponemos de la experiencia, formaci\u00f3n y conocimientos adquiridos durante treinta a\u00f1os para garantizar una diagnosis totalmente fiable. Y es que nuestra pol\u00edtica de reparaciones se basa en la diagnosis, tanto de aver\u00edas como de+ Read More\" \/>\n<meta property=\"og:url\" content=\"https:\/\/www.tallersantfeliu.com\/diagnosi\/\" \/>\n<meta property=\"og:site_name\" content=\"Taller Sant Feliu\" \/>\n<meta property=\"article:publisher\" content=\"http:\/\/en20taller20sant20feliu20sabemos20que20el20buen20estado20de20los20neum\u00e1ticos20es20imprescindible20para20tu20seguridad.20son20el20\u00fanico20elemento20que20nacen20el20veh\u00edculo20con20el20suelo20te20asesoramos20a20la20hora20de20escoger20los20neum\u00e1ticos20m\u00e1s20adecuados20para20tu20veh\u00edculo20dentro20de20una20amplia20gama20de20modelos20y20precios20por20que20puedas20ir20seguro20independientemente20de20tu20presupuesto.20nos20encargamos20del20montaje20desmontaje20equilibrado20diagnosis20y20reparaci\u00f3n20de20tus20neum\u00e1ticos.\" \/>\n<meta property=\"article:modified_time\" content=\"2019-07-10T14:44:00+00:00\" \/>\n<meta property=\"og:image\" content=\"https:\/\/www.tallersantfeliu.com\/wp-content\/uploads\/2019\/07\/Diagnosi-H-.jpg\" \/>\n\t<meta property=\"og:image:width\" content=\"1400\" \/>\n\t<meta property=\"og:image:height\" content=\"400\" \/>\n\t<meta property=\"og:image:type\" content=\"image\/jpeg\" \/>\n<meta name=\"twitter:card\" content=\"summary_large_image\" \/>\n<meta name=\"twitter:label1\" content=\"Tiempo de lectura\" \/>\n\t<meta name=\"twitter:data1\" content=\"1 minuto\" \/>\n<script type=\"application\/ld+json\" class=\"yoast-schema-graph\">{\"@context\":\"https:\\\/\\\/schema.org\",\"@graph\":[{\"@type\":\"WebPage\",\"@id\":\"https:\\\/\\\/www.tallersantfeliu.com\\\/diagnosi\\\/\",\"url\":\"https:\\\/\\\/www.tallersantfeliu.com\\\/diagnosi\\\/\",\"name\":\"Diagnosis - Taller Sant Feliu\",\"isPartOf\":{\"@id\":\"https:\\\/\\\/www.tallersantfeliu.com\\\/#website\"},\"primaryImageOfPage\":{\"@id\":\"https:\\\/\\\/www.tallersantfeliu.com\\\/diagnosi\\\/#primaryimage\"},\"image\":{\"@id\":\"https:\\\/\\\/www.tallersantfeliu.com\\\/diagnosi\\\/#primaryimage\"},\"thumbnailUrl\":\"https:\\\/\\\/www.tallersantfeliu.com\\\/wp-content\\\/uploads\\\/2019\\\/07\\\/Diagnosi-H-.jpg\",\"datePublished\":\"2019-05-27T15:29:10+00:00\",\"dateModified\":\"2019-07-10T14:44:00+00:00\",\"breadcrumb\":{\"@id\":\"https:\\\/\\\/www.tallersantfeliu.com\\\/diagnosi\\\/#breadcrumb\"},\"inLanguage\":\"es\",\"potentialAction\":[{\"@type\":\"ReadAction\",\"target\":[\"https:\\\/\\\/www.tallersantfeliu.com\\\/diagnosi\\\/\"]}]},{\"@type\":\"ImageObject\",\"inLanguage\":\"es\",\"@id\":\"https:\\\/\\\/www.tallersantfeliu.com\\\/diagnosi\\\/#primaryimage\",\"url\":\"https:\\\/\\\/www.tallersantfeliu.com\\\/wp-content\\\/uploads\\\/2019\\\/07\\\/Diagnosi-H-.jpg\",\"contentUrl\":\"https:\\\/\\\/www.tallersantfeliu.com\\\/wp-content\\\/uploads\\\/2019\\\/07\\\/Diagnosi-H-.jpg\",\"width\":1400,\"height\":400,\"caption\":\"Diagnosi | Taller Sant Feliu\"},{\"@type\":\"BreadcrumbList\",\"@id\":\"https:\\\/\\\/www.tallersantfeliu.com\\\/diagnosi\\\/#breadcrumb\",\"itemListElement\":[{\"@type\":\"ListItem\",\"position\":1,\"name\":\"Home\",\"item\":\"https:\\\/\\\/www.tallersantfeliu.com\\\/\"},{\"@type\":\"ListItem\",\"position\":2,\"name\":\"Diagnosi\"}]},{\"@type\":\"WebSite\",\"@id\":\"https:\\\/\\\/www.tallersantfeliu.com\\\/#website\",\"url\":\"https:\\\/\\\/www.tallersantfeliu.com\\\/\",\"name\":\"Taller Sant Feliu\",\"description\":\"Taller Sant Feliu. Carretera de Girona, 264. 17220 Sant Feliu de Gu\u00edxols\",\"publisher\":{\"@id\":\"https:\\\/\\\/www.tallersantfeliu.com\\\/#organization\"},\"potentialAction\":[{\"@type\":\"SearchAction\",\"target\":{\"@type\":\"EntryPoint\",\"urlTemplate\":\"https:\\\/\\\/www.tallersantfeliu.com\\\/?s={search_term_string}\"},\"query-input\":{\"@type\":\"PropertyValueSpecification\",\"valueRequired\":true,\"valueName\":\"search_term_string\"}}],\"inLanguage\":\"es\"},{\"@type\":\"Organization\",\"@id\":\"https:\\\/\\\/www.tallersantfeliu.com\\\/#organization\",\"name\":\"Taller Sant Feliu\",\"url\":\"https:\\\/\\\/www.tallersantfeliu.com\\\/\",\"logo\":{\"@type\":\"ImageObject\",\"inLanguage\":\"es\",\"@id\":\"https:\\\/\\\/www.tallersantfeliu.com\\\/#\\\/schema\\\/logo\\\/image\\\/\",\"url\":\"https:\\\/\\\/www.tallersantfeliu.com\\\/wp-content\\\/uploads\\\/2019\\\/05\\\/Taller-Sant-Feliu-Logo-.png\",\"contentUrl\":\"https:\\\/\\\/www.tallersantfeliu.com\\\/wp-content\\\/uploads\\\/2019\\\/05\\\/Taller-Sant-Feliu-Logo-.png\",\"width\":500,\"height\":76,\"caption\":\"Taller Sant Feliu\"},\"image\":{\"@id\":\"https:\\\/\\\/www.tallersantfeliu.com\\\/#\\\/schema\\\/logo\\\/image\\\/\"},\"sameAs\":[\"http:\\\/\\\/en20taller20sant20feliu20sabemos20que20el20buen20estado20de20los20neum\u00e1ticos20es20imprescindible20para20tu20seguridad.20son20el20\u00fanico20elemento20que20nacen20el20veh\u00edculo20con20el20suelo20te20asesoramos20a20la20hora20de20escoger20los20neum\u00e1ticos20m\u00e1s20adecuados20para20tu20veh\u00edculo20dentro20de20una20amplia20gama20de20modelos20y20precios20por20que20puedas20ir20seguro20independientemente20de20tu20presupuesto.20nos20encargamos20del20montaje20desmontaje20equilibrado20diagnosis20y20reparaci\u00f3n20de20tus20neum\u00e1ticos.\"]}]}<\/script>\n<!-- \/ Yoast SEO plugin. -->","yoast_head_json":{"title":"Diagnosis - Taller Sant Feliu","robots":{"index":"index","follow":"follow","max-snippet":"max-snippet:-1","max-image-preview":"max-image-preview:large","max-video-preview":"max-video-preview:-1"},"canonical":"https:\/\/www.tallersantfeliu.com\/diagnosi\/","og_locale":"es_ES","og_type":"article","og_title":"Diagnosis - Taller Sant Feliu","og_description":"\u00a1La diagnosis es nuestro punto fuerte! En Taller Sant Feliu disponemos de la maquinaria m\u00e1s moderna y actualizada del mercado, y disponemos de la experiencia, formaci\u00f3n y conocimientos adquiridos durante treinta a\u00f1os para garantizar una diagnosis totalmente fiable. Y es que nuestra pol\u00edtica de reparaciones se basa en la diagnosis, tanto de aver\u00edas como de+ Read More","og_url":"https:\/\/www.tallersantfeliu.com\/diagnosi\/","og_site_name":"Taller Sant Feliu","article_publisher":"http:\/\/en20taller20sant20feliu20sabemos20que20el20buen20estado20de20los20neum\u00e1ticos20es20imprescindible20para20tu20seguridad.20son20el20\u00fanico20elemento20que20nacen20el20veh\u00edculo20con20el20suelo20te20asesoramos20a20la20hora20de20escoger20los20neum\u00e1ticos20m\u00e1s20adecuados20para20tu20veh\u00edculo20dentro20de20una20amplia20gama20de20modelos20y20precios20por20que20puedas20ir20seguro20independientemente20de20tu20presupuesto.20nos20encargamos20del20montaje20desmontaje20equilibrado20diagnosis20y20reparaci\u00f3n20de20tus20neum\u00e1ticos.","article_modified_time":"2019-07-10T14:44:00+00:00","og_image":[{"width":1400,"height":400,"url":"https:\/\/www.tallersantfeliu.com\/wp-content\/uploads\/2019\/07\/Diagnosi-H-.jpg","type":"image\/jpeg"}],"twitter_card":"summary_large_image","twitter_misc":{"Tiempo de lectura":"1 minuto"},"schema":{"@context":"https:\/\/schema.org","@graph":[{"@type":"WebPage","@id":"https:\/\/www.tallersantfeliu.com\/diagnosi\/","url":"https:\/\/www.tallersantfeliu.com\/diagnosi\/","name":"Diagnosis - Taller Sant Feliu","isPartOf":{"@id":"https:\/\/www.tallersantfeliu.com\/#website"},"primaryImageOfPage":{"@id":"https:\/\/www.tallersantfeliu.com\/diagnosi\/#primaryimage"},"image":{"@id":"https:\/\/www.tallersantfeliu.com\/diagnosi\/#primaryimage"},"thumbnailUrl":"https:\/\/www.tallersantfeliu.com\/wp-content\/uploads\/2019\/07\/Diagnosi-H-.jpg","datePublished":"2019-05-27T15:29:10+00:00","dateModified":"2019-07-10T14:44:00+00:00","breadcrumb":{"@id":"https:\/\/www.tallersantfeliu.com\/diagnosi\/#breadcrumb"},"inLanguage":"es","potentialAction":[{"@type":"ReadAction","target":["https:\/\/www.tallersantfeliu.com\/diagnosi\/"]}]},{"@type":"ImageObject","inLanguage":"es","@id":"https:\/\/www.tallersantfeliu.com\/diagnosi\/#primaryimage","url":"https:\/\/www.tallersantfeliu.com\/wp-content\/uploads\/2019\/07\/Diagnosi-H-.jpg","contentUrl":"https:\/\/www.tallersantfeliu.com\/wp-content\/uploads\/2019\/07\/Diagnosi-H-.jpg","width":1400,"height":400,"caption":"Diagnosi | Taller Sant Feliu"},{"@type":"BreadcrumbList","@id":"https:\/\/www.tallersantfeliu.com\/diagnosi\/#breadcrumb","itemListElement":[{"@type":"ListItem","position":1,"name":"Home","item":"https:\/\/www.tallersantfeliu.com\/"},{"@type":"ListItem","position":2,"name":"Diagnosi"}]},{"@type":"WebSite","@id":"https:\/\/www.tallersantfeliu.com\/#website","url":"https:\/\/www.tallersantfeliu.com\/","name":"Taller Sant Feliu","description":"Taller Sant Feliu. Carretera de Girona, 264. 17220 Sant Feliu de Gu\u00edxols","publisher":{"@id":"https:\/\/www.tallersantfeliu.com\/#organization"},"potentialAction":[{"@type":"SearchAction","target":{"@type":"EntryPoint","urlTemplate":"https:\/\/www.tallersantfeliu.com\/?s={search_term_string}"},"query-input":{"@type":"PropertyValueSpecification","valueRequired":true,"valueName":"search_term_string"}}],"inLanguage":"es"},{"@type":"Organization","@id":"https:\/\/www.tallersantfeliu.com\/#organization","name":"Taller Sant Feliu","url":"https:\/\/www.tallersantfeliu.com\/","logo":{"@type":"ImageObject","inLanguage":"es","@id":"https:\/\/www.tallersantfeliu.com\/#\/schema\/logo\/image\/","url":"https:\/\/www.tallersantfeliu.com\/wp-content\/uploads\/2019\/05\/Taller-Sant-Feliu-Logo-.png","contentUrl":"https:\/\/www.tallersantfeliu.com\/wp-content\/uploads\/2019\/05\/Taller-Sant-Feliu-Logo-.png","width":500,"height":76,"caption":"Taller Sant Feliu"},"image":{"@id":"https:\/\/www.tallersantfeliu.com\/#\/schema\/logo\/image\/"},"sameAs":["http:\/\/en20taller20sant20feliu20sabemos20que20el20buen20estado20de20los20neum\u00e1ticos20es20imprescindible20para20tu20seguridad.20son20el20\u00fanico20elemento20que20nacen20el20veh\u00edculo20con20el20suelo20te20asesoramos20a20la20hora20de20escoger20los20neum\u00e1ticos20m\u00e1s20adecuados20para20tu20veh\u00edculo20dentro20de20una20amplia20gama20de20modelos20y20precios20por20que20puedas20ir20seguro20independientemente20de20tu20presupuesto.20nos20encargamos20del20montaje20desmontaje20equilibrado20diagnosis20y20reparaci\u00f3n20de20tus20neum\u00e1ticos."]}]}},"_links":{"self":[{"href":"https:\/\/www.tallersantfeliu.com\/es\/wp-json\/wp\/v2\/pages\/52","targetHints":{"allow":["GET"]}}],"collection":[{"href":"https:\/\/www.tallersantfeliu.com\/es\/wp-json\/wp\/v2\/pages"}],"about":[{"href":"https:\/\/www.tallersantfeliu.com\/es\/wp-json\/wp\/v2\/types\/page"}],"author":[{"embeddable":true,"href":"https:\/\/www.tallersantfeliu.com\/es\/wp-json\/wp\/v2\/users\/1"}],"replies":[{"embeddable":true,"href":"https:\/\/www.tallersantfeliu.com\/es\/wp-json\/wp\/v2\/comments?post=52"}],"version-history":[{"count":0,"href":"https:\/\/www.tallersantfeliu.com\/es\/wp-json\/wp\/v2\/pages\/52\/revisions"}],"wp:featuredmedia":[{"embeddable":true,"href":"https:\/\/www.tallersantfeliu.com\/es\/wp-json\/wp\/v2\/media\/512"}],"wp:attachment":[{"href":"https:\/\/www.tallersantfeliu.com\/es\/wp-json\/wp\/v2\/media?parent=52"}],"curies":[{"name":"wp","href":"https:\/\/api.w.org\/{rel}","templated":true}]}}