{"id":48,"date":"2019-05-27T17:28:10","date_gmt":"2019-05-27T15:28:10","guid":{"rendered":"https:\/\/www.tallersantfeliu.com\/?page_id=48"},"modified":"2019-07-09T18:13:57","modified_gmt":"2019-07-09T16:13:57","slug":"aire-condicionat","status":"publish","type":"page","link":"https:\/\/www.tallersantfeliu.com\/es\/aire-condicionat\/","title":{"rendered":"Aire acondicionado"},"content":{"rendered":"<p style=\"text-align: justify;\">La temperatura interior de tu veh\u00edculo es otro sistema de seguridad activa y por eso trabajamos la diagnosis y reparaci\u00f3n del circuito de aire acondicionado o climatizaci\u00f3n de tu veh\u00edculo.<\/p>\n<p style=\"text-align: justify;\">Nuestro personal tiene la titulaci\u00f3n de manipulador de gases fluorados, para poder garantizar una reparaci\u00f3n altamente profesional y completamente respetuosa con el medio ambiente.<\/p>\n<p style=\"text-align: justify;\">Recuperamos el 100% de los gases contaminantes refrigerantes que contiene tu veh\u00edculo, gases altamente nocivos y responsables del deterioro de la capa de ozono, y lo sustituimos por un nuevo gas libre de CFC, totalmente ecol\u00f3gico.<\/p>\n<p style=\"text-align: justify;\">As\u00ed obtenemos una doble ventaja: por un lado, no contaminamos m\u00e1s el planeta; por otro, conseguimos m\u00e1s rendimiento de tu sistema y aseguramos una vida \u00fatil m\u00e1s larga.<\/p>\n<p style=\"text-align: justify;\">Los gases nocivos son guardados en dep\u00f3sitos especiales como residuos controlados y certificados, siguiendo siempre una l\u00ednea de gesti\u00f3n de residuos ECO.<\/p>\n<p style=\"text-align: justify;\">En el supuesto de que tu veh\u00edculo haya dejado de hacer freno paulatinamente, posiblemente sea por un escape muy peque\u00f1o del sistema. Estos tipos de escapes son muy dif\u00edciles de poder detectar con sistemas convencionales. Pero nosotros disponemos de un sistema que nos permite detectar cualquier escape por peque\u00f1o y escondido que est\u00e9, gracias a la detecci\u00f3n del hidr\u00f3geno. Como siempre la buena diagnosis, nuestra bandera.<\/p>\n<h3 style=\"text-align: left;\">En Taller Sant Feliu, siempre respetuosos con el medio ambiente!<\/h3>\n","protected":false},"excerpt":{"rendered":"<p>La temperatura interior de tu veh\u00edculo es otro sistema de seguridad activa y por eso trabajamos la diagnosis y reparaci\u00f3n del circuito de aire acondicionado o climatizaci\u00f3n de tu veh\u00edculo. Nuestro personal tiene la titulaci\u00f3n de manipulador de gases fluorados, para poder garantizar una reparaci\u00f3n altamente profesional y completamente respetuosa con el medio ambiente. Recuperamos<br \/><a class=\"moretag\" href=\"https:\/\/www.tallersantfeliu.com\/es\/aire-condicionat\/\">+ Read More<\/a><\/p>\n","protected":false},"author":1,"featured_media":464,"parent":0,"menu_order":0,"comment_status":"closed","ping_status":"closed","template":"","meta":{"footnotes":""},"class_list":["post-48","page","type-page","status-publish","has-post-thumbnail","hentry"],"yoast_head":"<!-- This site is optimized with the Yoast SEO plugin v27.3 - https:\/\/yoast.com\/product\/yoast-seo-wordpress\/ -->\n<title>Aire acondicionado - Taller Sant Feliu<\/title>\n<meta name=\"robots\" content=\"index, follow, max-snippet:-1, max-image-preview:large, max-video-preview:-1\" \/>\n<link rel=\"canonical\" href=\"https:\/\/www.tallersantfeliu.com\/aire-condicionat\/\" \/>\n<meta property=\"og:locale\" content=\"es_ES\" \/>\n<meta property=\"og:type\" content=\"article\" \/>\n<meta property=\"og:title\" content=\"Aire acondicionado - Taller Sant Feliu\" \/>\n<meta property=\"og:description\" content=\"La temperatura interior de tu veh\u00edculo es otro sistema de seguridad activa y por eso trabajamos la diagnosis y reparaci\u00f3n del circuito de aire acondicionado o climatizaci\u00f3n de tu veh\u00edculo. Nuestro personal tiene la titulaci\u00f3n de manipulador de gases fluorados, para poder garantizar una reparaci\u00f3n altamente profesional y completamente respetuosa con el medio ambiente. Recuperamos+ Read More\" \/>\n<meta property=\"og:url\" content=\"https:\/\/www.tallersantfeliu.com\/aire-condicionat\/\" \/>\n<meta property=\"og:site_name\" content=\"Taller Sant Feliu\" \/>\n<meta property=\"article:publisher\" content=\"http:\/\/en20taller20sant20feliu20sabemos20que20el20buen20estado20de20los20neum\u00e1ticos20es20imprescindible20para20tu20seguridad.20son20el20\u00fanico20elemento20que20nacen20el20veh\u00edculo20con20el20suelo20te20asesoramos20a20la20hora20de20escoger20los20neum\u00e1ticos20m\u00e1s20adecuados20para20tu20veh\u00edculo20dentro20de20una20amplia20gama20de20modelos20y20precios20por20que20puedas20ir20seguro20independientemente20de20tu20presupuesto.20nos20encargamos20del20montaje20desmontaje20equilibrado20diagnosis20y20reparaci\u00f3n20de20tus20neum\u00e1ticos.\" \/>\n<meta property=\"article:modified_time\" content=\"2019-07-09T16:13:57+00:00\" \/>\n<meta property=\"og:image\" content=\"https:\/\/www.tallersantfeliu.com\/wp-content\/uploads\/2019\/07\/Aire-condicionat-H-.jpg\" \/>\n\t<meta property=\"og:image:width\" content=\"1400\" \/>\n\t<meta property=\"og:image:height\" content=\"400\" \/>\n\t<meta property=\"og:image:type\" content=\"image\/jpeg\" \/>\n<meta name=\"twitter:card\" content=\"summary_large_image\" \/>\n<meta name=\"twitter:label1\" content=\"Tiempo de lectura\" \/>\n\t<meta name=\"twitter:data1\" content=\"1 minuto\" \/>\n<script type=\"application\/ld+json\" class=\"yoast-schema-graph\">{\"@context\":\"https:\\\/\\\/schema.org\",\"@graph\":[{\"@type\":\"WebPage\",\"@id\":\"https:\\\/\\\/www.tallersantfeliu.com\\\/aire-condicionat\\\/\",\"url\":\"https:\\\/\\\/www.tallersantfeliu.com\\\/aire-condicionat\\\/\",\"name\":\"Aire acondicionado - Taller Sant Feliu\",\"isPartOf\":{\"@id\":\"https:\\\/\\\/www.tallersantfeliu.com\\\/#website\"},\"primaryImageOfPage\":{\"@id\":\"https:\\\/\\\/www.tallersantfeliu.com\\\/aire-condicionat\\\/#primaryimage\"},\"image\":{\"@id\":\"https:\\\/\\\/www.tallersantfeliu.com\\\/aire-condicionat\\\/#primaryimage\"},\"thumbnailUrl\":\"https:\\\/\\\/www.tallersantfeliu.com\\\/wp-content\\\/uploads\\\/2019\\\/07\\\/Aire-condicionat-H-.jpg\",\"datePublished\":\"2019-05-27T15:28:10+00:00\",\"dateModified\":\"2019-07-09T16:13:57+00:00\",\"breadcrumb\":{\"@id\":\"https:\\\/\\\/www.tallersantfeliu.com\\\/aire-condicionat\\\/#breadcrumb\"},\"inLanguage\":\"es\",\"potentialAction\":[{\"@type\":\"ReadAction\",\"target\":[\"https:\\\/\\\/www.tallersantfeliu.com\\\/aire-condicionat\\\/\"]}]},{\"@type\":\"ImageObject\",\"inLanguage\":\"es\",\"@id\":\"https:\\\/\\\/www.tallersantfeliu.com\\\/aire-condicionat\\\/#primaryimage\",\"url\":\"https:\\\/\\\/www.tallersantfeliu.com\\\/wp-content\\\/uploads\\\/2019\\\/07\\\/Aire-condicionat-H-.jpg\",\"contentUrl\":\"https:\\\/\\\/www.tallersantfeliu.com\\\/wp-content\\\/uploads\\\/2019\\\/07\\\/Aire-condicionat-H-.jpg\",\"width\":1400,\"height\":400,\"caption\":\"Aire condicionat | Taller Sant Feliu\"},{\"@type\":\"BreadcrumbList\",\"@id\":\"https:\\\/\\\/www.tallersantfeliu.com\\\/aire-condicionat\\\/#breadcrumb\",\"itemListElement\":[{\"@type\":\"ListItem\",\"position\":1,\"name\":\"Home\",\"item\":\"https:\\\/\\\/www.tallersantfeliu.com\\\/\"},{\"@type\":\"ListItem\",\"position\":2,\"name\":\"Aire condicionat\"}]},{\"@type\":\"WebSite\",\"@id\":\"https:\\\/\\\/www.tallersantfeliu.com\\\/#website\",\"url\":\"https:\\\/\\\/www.tallersantfeliu.com\\\/\",\"name\":\"Taller Sant Feliu\",\"description\":\"Taller Sant Feliu. Carretera de Girona, 264. 17220 Sant Feliu de Gu\u00edxols\",\"publisher\":{\"@id\":\"https:\\\/\\\/www.tallersantfeliu.com\\\/#organization\"},\"potentialAction\":[{\"@type\":\"SearchAction\",\"target\":{\"@type\":\"EntryPoint\",\"urlTemplate\":\"https:\\\/\\\/www.tallersantfeliu.com\\\/?s={search_term_string}\"},\"query-input\":{\"@type\":\"PropertyValueSpecification\",\"valueRequired\":true,\"valueName\":\"search_term_string\"}}],\"inLanguage\":\"es\"},{\"@type\":\"Organization\",\"@id\":\"https:\\\/\\\/www.tallersantfeliu.com\\\/#organization\",\"name\":\"Taller Sant Feliu\",\"url\":\"https:\\\/\\\/www.tallersantfeliu.com\\\/\",\"logo\":{\"@type\":\"ImageObject\",\"inLanguage\":\"es\",\"@id\":\"https:\\\/\\\/www.tallersantfeliu.com\\\/#\\\/schema\\\/logo\\\/image\\\/\",\"url\":\"https:\\\/\\\/www.tallersantfeliu.com\\\/wp-content\\\/uploads\\\/2019\\\/05\\\/Taller-Sant-Feliu-Logo-.png\",\"contentUrl\":\"https:\\\/\\\/www.tallersantfeliu.com\\\/wp-content\\\/uploads\\\/2019\\\/05\\\/Taller-Sant-Feliu-Logo-.png\",\"width\":500,\"height\":76,\"caption\":\"Taller Sant Feliu\"},\"image\":{\"@id\":\"https:\\\/\\\/www.tallersantfeliu.com\\\/#\\\/schema\\\/logo\\\/image\\\/\"},\"sameAs\":[\"http:\\\/\\\/en20taller20sant20feliu20sabemos20que20el20buen20estado20de20los20neum\u00e1ticos20es20imprescindible20para20tu20seguridad.20son20el20\u00fanico20elemento20que20nacen20el20veh\u00edculo20con20el20suelo20te20asesoramos20a20la20hora20de20escoger20los20neum\u00e1ticos20m\u00e1s20adecuados20para20tu20veh\u00edculo20dentro20de20una20amplia20gama20de20modelos20y20precios20por20que20puedas20ir20seguro20independientemente20de20tu20presupuesto.20nos20encargamos20del20montaje20desmontaje20equilibrado20diagnosis20y20reparaci\u00f3n20de20tus20neum\u00e1ticos.\"]}]}<\/script>\n<!-- \/ Yoast SEO plugin. -->","yoast_head_json":{"title":"Aire acondicionado - Taller Sant Feliu","robots":{"index":"index","follow":"follow","max-snippet":"max-snippet:-1","max-image-preview":"max-image-preview:large","max-video-preview":"max-video-preview:-1"},"canonical":"https:\/\/www.tallersantfeliu.com\/aire-condicionat\/","og_locale":"es_ES","og_type":"article","og_title":"Aire acondicionado - Taller Sant Feliu","og_description":"La temperatura interior de tu veh\u00edculo es otro sistema de seguridad activa y por eso trabajamos la diagnosis y reparaci\u00f3n del circuito de aire acondicionado o climatizaci\u00f3n de tu veh\u00edculo. Nuestro personal tiene la titulaci\u00f3n de manipulador de gases fluorados, para poder garantizar una reparaci\u00f3n altamente profesional y completamente respetuosa con el medio ambiente. Recuperamos+ Read More","og_url":"https:\/\/www.tallersantfeliu.com\/aire-condicionat\/","og_site_name":"Taller Sant Feliu","article_publisher":"http:\/\/en20taller20sant20feliu20sabemos20que20el20buen20estado20de20los20neum\u00e1ticos20es20imprescindible20para20tu20seguridad.20son20el20\u00fanico20elemento20que20nacen20el20veh\u00edculo20con20el20suelo20te20asesoramos20a20la20hora20de20escoger20los20neum\u00e1ticos20m\u00e1s20adecuados20para20tu20veh\u00edculo20dentro20de20una20amplia20gama20de20modelos20y20precios20por20que20puedas20ir20seguro20independientemente20de20tu20presupuesto.20nos20encargamos20del20montaje20desmontaje20equilibrado20diagnosis20y20reparaci\u00f3n20de20tus20neum\u00e1ticos.","article_modified_time":"2019-07-09T16:13:57+00:00","og_image":[{"width":1400,"height":400,"url":"https:\/\/www.tallersantfeliu.com\/wp-content\/uploads\/2019\/07\/Aire-condicionat-H-.jpg","type":"image\/jpeg"}],"twitter_card":"summary_large_image","twitter_misc":{"Tiempo de lectura":"1 minuto"},"schema":{"@context":"https:\/\/schema.org","@graph":[{"@type":"WebPage","@id":"https:\/\/www.tallersantfeliu.com\/aire-condicionat\/","url":"https:\/\/www.tallersantfeliu.com\/aire-condicionat\/","name":"Aire acondicionado - Taller Sant Feliu","isPartOf":{"@id":"https:\/\/www.tallersantfeliu.com\/#website"},"primaryImageOfPage":{"@id":"https:\/\/www.tallersantfeliu.com\/aire-condicionat\/#primaryimage"},"image":{"@id":"https:\/\/www.tallersantfeliu.com\/aire-condicionat\/#primaryimage"},"thumbnailUrl":"https:\/\/www.tallersantfeliu.com\/wp-content\/uploads\/2019\/07\/Aire-condicionat-H-.jpg","datePublished":"2019-05-27T15:28:10+00:00","dateModified":"2019-07-09T16:13:57+00:00","breadcrumb":{"@id":"https:\/\/www.tallersantfeliu.com\/aire-condicionat\/#breadcrumb"},"inLanguage":"es","potentialAction":[{"@type":"ReadAction","target":["https:\/\/www.tallersantfeliu.com\/aire-condicionat\/"]}]},{"@type":"ImageObject","inLanguage":"es","@id":"https:\/\/www.tallersantfeliu.com\/aire-condicionat\/#primaryimage","url":"https:\/\/www.tallersantfeliu.com\/wp-content\/uploads\/2019\/07\/Aire-condicionat-H-.jpg","contentUrl":"https:\/\/www.tallersantfeliu.com\/wp-content\/uploads\/2019\/07\/Aire-condicionat-H-.jpg","width":1400,"height":400,"caption":"Aire condicionat | Taller Sant Feliu"},{"@type":"BreadcrumbList","@id":"https:\/\/www.tallersantfeliu.com\/aire-condicionat\/#breadcrumb","itemListElement":[{"@type":"ListItem","position":1,"name":"Home","item":"https:\/\/www.tallersantfeliu.com\/"},{"@type":"ListItem","position":2,"name":"Aire condicionat"}]},{"@type":"WebSite","@id":"https:\/\/www.tallersantfeliu.com\/#website","url":"https:\/\/www.tallersantfeliu.com\/","name":"Taller Sant Feliu","description":"Taller Sant Feliu. Carretera de Girona, 264. 17220 Sant Feliu de Gu\u00edxols","publisher":{"@id":"https:\/\/www.tallersantfeliu.com\/#organization"},"potentialAction":[{"@type":"SearchAction","target":{"@type":"EntryPoint","urlTemplate":"https:\/\/www.tallersantfeliu.com\/?s={search_term_string}"},"query-input":{"@type":"PropertyValueSpecification","valueRequired":true,"valueName":"search_term_string"}}],"inLanguage":"es"},{"@type":"Organization","@id":"https:\/\/www.tallersantfeliu.com\/#organization","name":"Taller Sant Feliu","url":"https:\/\/www.tallersantfeliu.com\/","logo":{"@type":"ImageObject","inLanguage":"es","@id":"https:\/\/www.tallersantfeliu.com\/#\/schema\/logo\/image\/","url":"https:\/\/www.tallersantfeliu.com\/wp-content\/uploads\/2019\/05\/Taller-Sant-Feliu-Logo-.png","contentUrl":"https:\/\/www.tallersantfeliu.com\/wp-content\/uploads\/2019\/05\/Taller-Sant-Feliu-Logo-.png","width":500,"height":76,"caption":"Taller Sant Feliu"},"image":{"@id":"https:\/\/www.tallersantfeliu.com\/#\/schema\/logo\/image\/"},"sameAs":["http:\/\/en20taller20sant20feliu20sabemos20que20el20buen20estado20de20los20neum\u00e1ticos20es20imprescindible20para20tu20seguridad.20son20el20\u00fanico20elemento20que20nacen20el20veh\u00edculo20con20el20suelo20te20asesoramos20a20la20hora20de20escoger20los20neum\u00e1ticos20m\u00e1s20adecuados20para20tu20veh\u00edculo20dentro20de20una20amplia20gama20de20modelos20y20precios20por20que20puedas20ir20seguro20independientemente20de20tu20presupuesto.20nos20encargamos20del20montaje20desmontaje20equilibrado20diagnosis20y20reparaci\u00f3n20de20tus20neum\u00e1ticos."]}]}},"_links":{"self":[{"href":"https:\/\/www.tallersantfeliu.com\/es\/wp-json\/wp\/v2\/pages\/48","targetHints":{"allow":["GET"]}}],"collection":[{"href":"https:\/\/www.tallersantfeliu.com\/es\/wp-json\/wp\/v2\/pages"}],"about":[{"href":"https:\/\/www.tallersantfeliu.com\/es\/wp-json\/wp\/v2\/types\/page"}],"author":[{"embeddable":true,"href":"https:\/\/www.tallersantfeliu.com\/es\/wp-json\/wp\/v2\/users\/1"}],"replies":[{"embeddable":true,"href":"https:\/\/www.tallersantfeliu.com\/es\/wp-json\/wp\/v2\/comments?post=48"}],"version-history":[{"count":0,"href":"https:\/\/www.tallersantfeliu.com\/es\/wp-json\/wp\/v2\/pages\/48\/revisions"}],"wp:featuredmedia":[{"embeddable":true,"href":"https:\/\/www.tallersantfeliu.com\/es\/wp-json\/wp\/v2\/media\/464"}],"wp:attachment":[{"href":"https:\/\/www.tallersantfeliu.com\/es\/wp-json\/wp\/v2\/media?parent=48"}],"curies":[{"name":"wp","href":"https:\/\/api.w.org\/{rel}","templated":true}]}}