{"id":42,"date":"2019-05-27T17:27:15","date_gmt":"2019-05-27T15:27:15","guid":{"rendered":"https:\/\/www.tallersantfeliu.com\/?page_id=42"},"modified":"2021-04-21T11:21:15","modified_gmt":"2021-04-21T09:21:15","slug":"electricitat","status":"publish","type":"page","link":"https:\/\/www.tallersantfeliu.com\/es\/electricitat\/","title":{"rendered":"Electricidad"},"content":{"rendered":"<p style=\"text-align: justify;\">En nuestro taller estamos especializados en el mantenimiento reactivo del sistema el\u00e9ctrico y electr\u00f3nico del coche.<\/p>\n<p style=\"text-align: justify;\">Y es que el sistema electr\u00f3nico es esencial para el buen funcionamiento del coche y tambi\u00e9n lo es el el\u00e9ctrico, responsable de la encendida del motor, el suministro de energ\u00eda, la encendida de luces, etc.<\/p>\n<p style=\"text-align: justify;\">En cuanto a la parte electr\u00f3nica, trabajamos el sistema multiplexado, fibra \u00f3ptica, protocolos de comunicaci\u00f3n odb&#8230; Contamos con una amplia experiencia en sistemas electr\u00f3nicos, ofreciendo la m\u00e1xima garant\u00eda en nuestros diagn\u00f3sticos.<\/p>\n<p style=\"text-align: justify;\">Tambi\u00e9n hacemos instalaciones de sistemas multimedia, sonido, amplificaci\u00f3n, gps, manos libres y todo aquello que puedas necesitar para hacer mes c\u00f3moda la conducci\u00f3n. Y si quieres puedes traer t\u00fa tu equipo, \u00a1nosotros lo montamos!<\/p>\n\t\t<div data-elementor-type=\"page\" data-elementor-id=\"782\" class=\"elementor elementor-782\" data-elementor-post-type=\"elementor_library\">\n\t\t\t\t\t\t<section class=\"elementor-section elementor-top-section elementor-element elementor-element-6faa844 elementor-section-full_width elementor-section-height-default elementor-section-height-default\" data-id=\"6faa844\" data-element_type=\"section\" data-e-type=\"section\">\n\t\t\t\t\t\t<div class=\"elementor-container elementor-column-gap-no\">\n\t\t\t\t\t<div class=\"elementor-column elementor-col-100 elementor-top-column elementor-element elementor-element-619994c\" data-id=\"619994c\" data-element_type=\"column\" data-e-type=\"column\">\n\t\t\t<div class=\"elementor-widget-wrap elementor-element-populated\">\n\t\t\t\t\t\t<div class=\"elementor-element elementor-element-066c060 elementor-arrows-position-inside elementor-widget elementor-widget-image-carousel\" data-id=\"066c060\" data-element_type=\"widget\" data-e-type=\"widget\" data-settings=\"{&quot;slides_to_show&quot;:&quot;1&quot;,&quot;navigation&quot;:&quot;arrows&quot;,&quot;effect&quot;:&quot;fade&quot;,&quot;autoplay&quot;:&quot;yes&quot;,&quot;pause_on_hover&quot;:&quot;yes&quot;,&quot;pause_on_interaction&quot;:&quot;yes&quot;,&quot;autoplay_speed&quot;:5000,&quot;infinite&quot;:&quot;yes&quot;,&quot;speed&quot;:500}\" data-widget_type=\"image-carousel.default\">\n\t\t\t\t<div class=\"elementor-widget-container\">\n\t\t\t\t\t\t\t<div class=\"elementor-image-carousel-wrapper swiper\" role=\"region\" aria-roledescription=\"carousel\" aria-label=\"Carrusel d&#039;imatges\" dir=\"ltr\">\n\t\t\t<div class=\"elementor-image-carousel swiper-wrapper\" aria-live=\"off\">\n\t\t\t\t\t\t\t\t<div class=\"swiper-slide\" role=\"group\" aria-roledescription=\"slide\" aria-label=\"1 de 4\"><a data-elementor-open-lightbox=\"yes\" data-elementor-lightbox-slideshow=\"066c060\" data-elementor-lightbox-title=\"Taller Sant Feliu | Electricitat\" data-e-action-hash=\"#elementor-action%3Aaction%3Dlightbox%26settings%3DeyJpZCI6NTk1LCJ1cmwiOiJodHRwczpcL1wvd3d3LnRhbGxlcnNhbnRmZWxpdS5jb21cL3dwLWNvbnRlbnRcL3VwbG9hZHNcLzIwMTlcLzEwXC9UYWxsZXItU2FudC1GZWxpdS1FbGVjdHJpY2l0YXQtMDEuanBnIiwic2xpZGVzaG93IjoiMDY2YzA2MCJ9\" href=\"https:\/\/www.tallersantfeliu.com\/wp-content\/uploads\/2019\/10\/Taller-Sant-Feliu-Electricitat-01.jpg\"><figure class=\"swiper-slide-inner\"><img decoding=\"async\" class=\"swiper-slide-image\" src=\"https:\/\/www.tallersantfeliu.com\/wp-content\/uploads\/2019\/10\/Taller-Sant-Feliu-Electricitat-01.jpg\" alt=\"Taller Sant Feliu | Electricitat\" \/><\/figure><\/a><\/div><div class=\"swiper-slide\" role=\"group\" aria-roledescription=\"slide\" aria-label=\"2 de 4\"><a data-elementor-open-lightbox=\"yes\" data-elementor-lightbox-slideshow=\"066c060\" data-elementor-lightbox-title=\"Taller Sant Feliu | Electricitat\" data-e-action-hash=\"#elementor-action%3Aaction%3Dlightbox%26settings%3DeyJpZCI6NTk2LCJ1cmwiOiJodHRwczpcL1wvd3d3LnRhbGxlcnNhbnRmZWxpdS5jb21cL3dwLWNvbnRlbnRcL3VwbG9hZHNcLzIwMTlcLzEwXC9UYWxsZXItU2FudC1GZWxpdS1FbGVjdHJpY2l0YXQtMDIuanBnIiwic2xpZGVzaG93IjoiMDY2YzA2MCJ9\" href=\"https:\/\/www.tallersantfeliu.com\/wp-content\/uploads\/2019\/10\/Taller-Sant-Feliu-Electricitat-02.jpg\"><figure class=\"swiper-slide-inner\"><img decoding=\"async\" class=\"swiper-slide-image\" src=\"https:\/\/www.tallersantfeliu.com\/wp-content\/uploads\/2019\/10\/Taller-Sant-Feliu-Electricitat-02.jpg\" alt=\"Taller Sant Feliu | Electricitat\" \/><\/figure><\/a><\/div><div class=\"swiper-slide\" role=\"group\" aria-roledescription=\"slide\" aria-label=\"3 de 4\"><a data-elementor-open-lightbox=\"yes\" data-elementor-lightbox-slideshow=\"066c060\" data-elementor-lightbox-title=\"Taller Sant Feliu | Electricitat\" data-e-action-hash=\"#elementor-action%3Aaction%3Dlightbox%26settings%3DeyJpZCI6NTk3LCJ1cmwiOiJodHRwczpcL1wvd3d3LnRhbGxlcnNhbnRmZWxpdS5jb21cL3dwLWNvbnRlbnRcL3VwbG9hZHNcLzIwMTlcLzEwXC9UYWxsZXItU2FudC1GZWxpdS1FbGVjdHJpY2l0YXQtMDMuanBnIiwic2xpZGVzaG93IjoiMDY2YzA2MCJ9\" href=\"https:\/\/www.tallersantfeliu.com\/wp-content\/uploads\/2019\/10\/Taller-Sant-Feliu-Electricitat-03.jpg\"><figure class=\"swiper-slide-inner\"><img decoding=\"async\" class=\"swiper-slide-image\" src=\"https:\/\/www.tallersantfeliu.com\/wp-content\/uploads\/2019\/10\/Taller-Sant-Feliu-Electricitat-03.jpg\" alt=\"Taller Sant Feliu | Electricitat\" \/><\/figure><\/a><\/div><div class=\"swiper-slide\" role=\"group\" aria-roledescription=\"slide\" aria-label=\"4 de 4\"><a data-elementor-open-lightbox=\"yes\" data-elementor-lightbox-slideshow=\"066c060\" data-elementor-lightbox-title=\"Taller Sant Feliu | Electricitat\" data-e-action-hash=\"#elementor-action%3Aaction%3Dlightbox%26settings%3DeyJpZCI6NTk4LCJ1cmwiOiJodHRwczpcL1wvd3d3LnRhbGxlcnNhbnRmZWxpdS5jb21cL3dwLWNvbnRlbnRcL3VwbG9hZHNcLzIwMTlcLzEwXC9UYWxsZXItU2FudC1GZWxpdS1FbGVjdHJpY2l0YXQtMDQuanBnIiwic2xpZGVzaG93IjoiMDY2YzA2MCJ9\" href=\"https:\/\/www.tallersantfeliu.com\/wp-content\/uploads\/2019\/10\/Taller-Sant-Feliu-Electricitat-04.jpg\"><figure class=\"swiper-slide-inner\"><img decoding=\"async\" class=\"swiper-slide-image\" src=\"https:\/\/www.tallersantfeliu.com\/wp-content\/uploads\/2019\/10\/Taller-Sant-Feliu-Electricitat-04.jpg\" alt=\"Taller Sant Feliu | Electricitat\" \/><\/figure><\/a><\/div>\t\t\t<\/div>\n\t\t\t\t\t\t\t\t\t\t\t\t<div class=\"elementor-swiper-button elementor-swiper-button-prev\" role=\"button\" tabindex=\"0\">\n\t\t\t\t\t\t<i aria-hidden=\"true\" class=\"eicon-chevron-left\"><\/i>\t\t\t\t\t<\/div>\n\t\t\t\t\t<div class=\"elementor-swiper-button elementor-swiper-button-next\" role=\"button\" tabindex=\"0\">\n\t\t\t\t\t\t<i aria-hidden=\"true\" class=\"eicon-chevron-right\"><\/i>\t\t\t\t\t<\/div>\n\t\t\t\t\n\t\t\t\t\t\t\t\t\t<\/div>\n\t\t\t\t\t\t<\/div>\n\t\t\t\t<\/div>\n\t\t\t\t\t<\/div>\n\t\t<\/div>\n\t\t\t\t\t<\/div>\n\t\t<\/section>\n\t\t\t\t<\/div>\n\t\t\n","protected":false},"excerpt":{"rendered":"<p>En nuestro taller estamos especializados en el mantenimiento reactivo del sistema el\u00e9ctrico y electr\u00f3nico del coche. Y es que el sistema electr\u00f3nico es esencial para el buen funcionamiento del coche y tambi\u00e9n lo es el el\u00e9ctrico, responsable de la encendida del motor, el suministro de energ\u00eda, la encendida de luces, etc. En cuanto a la<br \/><a class=\"moretag\" href=\"https:\/\/www.tallersantfeliu.com\/es\/electricitat\/\">+ Read More<\/a><\/p>\n","protected":false},"author":1,"featured_media":278,"parent":0,"menu_order":0,"comment_status":"closed","ping_status":"closed","template":"","meta":{"footnotes":""},"class_list":["post-42","page","type-page","status-publish","has-post-thumbnail","hentry"],"yoast_head":"<!-- This site is optimized with the Yoast SEO plugin v27.3 - https:\/\/yoast.com\/product\/yoast-seo-wordpress\/ -->\n<title>Electricidad - Taller Sant Feliu<\/title>\n<meta name=\"description\" content=\"(Catal\u00e0) Al Taller Sant Feliu estem especialitzats en el manteniment del sistema el\u00e8ctric del cotxe. Instal\u00b7lem sistemes multim\u00e8dia, gps, mans lliures...\" \/>\n<meta name=\"robots\" content=\"index, follow, max-snippet:-1, max-image-preview:large, max-video-preview:-1\" \/>\n<link rel=\"canonical\" href=\"https:\/\/www.tallersantfeliu.com\/es\/electricitat\/\" \/>\n<meta property=\"og:locale\" content=\"es_ES\" \/>\n<meta property=\"og:type\" content=\"article\" \/>\n<meta property=\"og:title\" content=\"Electricidad - Taller Sant Feliu\" \/>\n<meta property=\"og:description\" content=\"(Catal\u00e0) Al Taller Sant Feliu estem especialitzats en el manteniment del sistema el\u00e8ctric del cotxe. Instal\u00b7lem sistemes multim\u00e8dia, gps, mans lliures...\" \/>\n<meta property=\"og:url\" content=\"https:\/\/www.tallersantfeliu.com\/es\/electricitat\/\" \/>\n<meta property=\"og:site_name\" content=\"Taller Sant Feliu\" \/>\n<meta property=\"article:publisher\" content=\"http:\/\/en20taller20sant20feliu20sabemos20que20el20buen20estado20de20los20neum\u00e1ticos20es20imprescindible20para20tu20seguridad.20son20el20\u00fanico20elemento20que20nacen20el20veh\u00edculo20con20el20suelo20te20asesoramos20a20la20hora20de20escoger20los20neum\u00e1ticos20m\u00e1s20adecuados20para20tu20veh\u00edculo20dentro20de20una20amplia20gama20de20modelos20y20precios20por20que20puedas20ir20seguro20independientemente20de20tu20presupuesto.20nos20encargamos20del20montaje20desmontaje20equilibrado20diagnosis20y20reparaci\u00f3n20de20tus20neum\u00e1ticos.\" \/>\n<meta property=\"article:modified_time\" content=\"2021-04-21T09:21:15+00:00\" \/>\n<meta property=\"og:image\" content=\"https:\/\/www.tallersantfeliu.com\/wp-content\/uploads\/2019\/07\/Electricitat-H-.jpg\" \/>\n\t<meta property=\"og:image:width\" content=\"1400\" \/>\n\t<meta property=\"og:image:height\" content=\"400\" \/>\n\t<meta property=\"og:image:type\" content=\"image\/jpeg\" \/>\n<meta name=\"twitter:card\" content=\"summary_large_image\" \/>\n<meta name=\"twitter:label1\" content=\"Tiempo de lectura\" \/>\n\t<meta name=\"twitter:data1\" content=\"1 minuto\" \/>\n<script type=\"application\/ld+json\" class=\"yoast-schema-graph\">{\"@context\":\"https:\\\/\\\/schema.org\",\"@graph\":[{\"@type\":\"WebPage\",\"@id\":\"https:\\\/\\\/www.tallersantfeliu.com\\\/es\\\/electricitat\\\/\",\"url\":\"https:\\\/\\\/www.tallersantfeliu.com\\\/es\\\/electricitat\\\/\",\"name\":\"Electricidad - Taller Sant Feliu\",\"isPartOf\":{\"@id\":\"https:\\\/\\\/www.tallersantfeliu.com\\\/#website\"},\"primaryImageOfPage\":{\"@id\":\"https:\\\/\\\/www.tallersantfeliu.com\\\/es\\\/electricitat\\\/#primaryimage\"},\"image\":{\"@id\":\"https:\\\/\\\/www.tallersantfeliu.com\\\/es\\\/electricitat\\\/#primaryimage\"},\"thumbnailUrl\":\"https:\\\/\\\/www.tallersantfeliu.com\\\/wp-content\\\/uploads\\\/2019\\\/07\\\/Electricitat-H-.jpg\",\"datePublished\":\"2019-05-27T15:27:15+00:00\",\"dateModified\":\"2021-04-21T09:21:15+00:00\",\"description\":\"(Catal\u00e0) Al Taller Sant Feliu estem especialitzats en el manteniment del sistema el\u00e8ctric del cotxe. Instal\u00b7lem sistemes multim\u00e8dia, gps, mans lliures...\",\"breadcrumb\":{\"@id\":\"https:\\\/\\\/www.tallersantfeliu.com\\\/es\\\/electricitat\\\/#breadcrumb\"},\"inLanguage\":\"es\",\"potentialAction\":[{\"@type\":\"ReadAction\",\"target\":[\"https:\\\/\\\/www.tallersantfeliu.com\\\/es\\\/electricitat\\\/\"]}]},{\"@type\":\"ImageObject\",\"inLanguage\":\"es\",\"@id\":\"https:\\\/\\\/www.tallersantfeliu.com\\\/es\\\/electricitat\\\/#primaryimage\",\"url\":\"https:\\\/\\\/www.tallersantfeliu.com\\\/wp-content\\\/uploads\\\/2019\\\/07\\\/Electricitat-H-.jpg\",\"contentUrl\":\"https:\\\/\\\/www.tallersantfeliu.com\\\/wp-content\\\/uploads\\\/2019\\\/07\\\/Electricitat-H-.jpg\",\"width\":1400,\"height\":400,\"caption\":\"Electricitat | Taller Sant Feliu\"},{\"@type\":\"BreadcrumbList\",\"@id\":\"https:\\\/\\\/www.tallersantfeliu.com\\\/es\\\/electricitat\\\/#breadcrumb\",\"itemListElement\":[{\"@type\":\"ListItem\",\"position\":1,\"name\":\"Home\",\"item\":\"https:\\\/\\\/www.tallersantfeliu.com\\\/\"},{\"@type\":\"ListItem\",\"position\":2,\"name\":\"Electricidad\"}]},{\"@type\":\"WebSite\",\"@id\":\"https:\\\/\\\/www.tallersantfeliu.com\\\/#website\",\"url\":\"https:\\\/\\\/www.tallersantfeliu.com\\\/\",\"name\":\"Taller Sant Feliu\",\"description\":\"Taller Sant Feliu. Carretera de Girona, 264. 17220 Sant Feliu de Gu\u00edxols\",\"publisher\":{\"@id\":\"https:\\\/\\\/www.tallersantfeliu.com\\\/#organization\"},\"potentialAction\":[{\"@type\":\"SearchAction\",\"target\":{\"@type\":\"EntryPoint\",\"urlTemplate\":\"https:\\\/\\\/www.tallersantfeliu.com\\\/?s={search_term_string}\"},\"query-input\":{\"@type\":\"PropertyValueSpecification\",\"valueRequired\":true,\"valueName\":\"search_term_string\"}}],\"inLanguage\":\"es\"},{\"@type\":\"Organization\",\"@id\":\"https:\\\/\\\/www.tallersantfeliu.com\\\/#organization\",\"name\":\"Taller Sant Feliu\",\"url\":\"https:\\\/\\\/www.tallersantfeliu.com\\\/\",\"logo\":{\"@type\":\"ImageObject\",\"inLanguage\":\"es\",\"@id\":\"https:\\\/\\\/www.tallersantfeliu.com\\\/#\\\/schema\\\/logo\\\/image\\\/\",\"url\":\"https:\\\/\\\/www.tallersantfeliu.com\\\/wp-content\\\/uploads\\\/2019\\\/05\\\/Taller-Sant-Feliu-Logo-.png\",\"contentUrl\":\"https:\\\/\\\/www.tallersantfeliu.com\\\/wp-content\\\/uploads\\\/2019\\\/05\\\/Taller-Sant-Feliu-Logo-.png\",\"width\":500,\"height\":76,\"caption\":\"Taller Sant Feliu\"},\"image\":{\"@id\":\"https:\\\/\\\/www.tallersantfeliu.com\\\/#\\\/schema\\\/logo\\\/image\\\/\"},\"sameAs\":[\"http:\\\/\\\/en20taller20sant20feliu20sabemos20que20el20buen20estado20de20los20neum\u00e1ticos20es20imprescindible20para20tu20seguridad.20son20el20\u00fanico20elemento20que20nacen20el20veh\u00edculo20con20el20suelo20te20asesoramos20a20la20hora20de20escoger20los20neum\u00e1ticos20m\u00e1s20adecuados20para20tu20veh\u00edculo20dentro20de20una20amplia20gama20de20modelos20y20precios20por20que20puedas20ir20seguro20independientemente20de20tu20presupuesto.20nos20encargamos20del20montaje20desmontaje20equilibrado20diagnosis20y20reparaci\u00f3n20de20tus20neum\u00e1ticos.\"]}]}<\/script>\n<!-- \/ Yoast SEO plugin. -->","yoast_head_json":{"title":"Electricidad - Taller Sant Feliu","description":"(Catal\u00e0) Al Taller Sant Feliu estem especialitzats en el manteniment del sistema el\u00e8ctric del cotxe. Instal\u00b7lem sistemes multim\u00e8dia, gps, mans lliures...","robots":{"index":"index","follow":"follow","max-snippet":"max-snippet:-1","max-image-preview":"max-image-preview:large","max-video-preview":"max-video-preview:-1"},"canonical":"https:\/\/www.tallersantfeliu.com\/es\/electricitat\/","og_locale":"es_ES","og_type":"article","og_title":"Electricidad - Taller Sant Feliu","og_description":"(Catal\u00e0) Al Taller Sant Feliu estem especialitzats en el manteniment del sistema el\u00e8ctric del cotxe. Instal\u00b7lem sistemes multim\u00e8dia, gps, mans lliures...","og_url":"https:\/\/www.tallersantfeliu.com\/es\/electricitat\/","og_site_name":"Taller Sant Feliu","article_publisher":"http:\/\/en20taller20sant20feliu20sabemos20que20el20buen20estado20de20los20neum\u00e1ticos20es20imprescindible20para20tu20seguridad.20son20el20\u00fanico20elemento20que20nacen20el20veh\u00edculo20con20el20suelo20te20asesoramos20a20la20hora20de20escoger20los20neum\u00e1ticos20m\u00e1s20adecuados20para20tu20veh\u00edculo20dentro20de20una20amplia20gama20de20modelos20y20precios20por20que20puedas20ir20seguro20independientemente20de20tu20presupuesto.20nos20encargamos20del20montaje20desmontaje20equilibrado20diagnosis20y20reparaci\u00f3n20de20tus20neum\u00e1ticos.","article_modified_time":"2021-04-21T09:21:15+00:00","og_image":[{"width":1400,"height":400,"url":"https:\/\/www.tallersantfeliu.com\/wp-content\/uploads\/2019\/07\/Electricitat-H-.jpg","type":"image\/jpeg"}],"twitter_card":"summary_large_image","twitter_misc":{"Tiempo de lectura":"1 minuto"},"schema":{"@context":"https:\/\/schema.org","@graph":[{"@type":"WebPage","@id":"https:\/\/www.tallersantfeliu.com\/es\/electricitat\/","url":"https:\/\/www.tallersantfeliu.com\/es\/electricitat\/","name":"Electricidad - Taller Sant Feliu","isPartOf":{"@id":"https:\/\/www.tallersantfeliu.com\/#website"},"primaryImageOfPage":{"@id":"https:\/\/www.tallersantfeliu.com\/es\/electricitat\/#primaryimage"},"image":{"@id":"https:\/\/www.tallersantfeliu.com\/es\/electricitat\/#primaryimage"},"thumbnailUrl":"https:\/\/www.tallersantfeliu.com\/wp-content\/uploads\/2019\/07\/Electricitat-H-.jpg","datePublished":"2019-05-27T15:27:15+00:00","dateModified":"2021-04-21T09:21:15+00:00","description":"(Catal\u00e0) Al Taller Sant Feliu estem especialitzats en el manteniment del sistema el\u00e8ctric del cotxe. Instal\u00b7lem sistemes multim\u00e8dia, gps, mans lliures...","breadcrumb":{"@id":"https:\/\/www.tallersantfeliu.com\/es\/electricitat\/#breadcrumb"},"inLanguage":"es","potentialAction":[{"@type":"ReadAction","target":["https:\/\/www.tallersantfeliu.com\/es\/electricitat\/"]}]},{"@type":"ImageObject","inLanguage":"es","@id":"https:\/\/www.tallersantfeliu.com\/es\/electricitat\/#primaryimage","url":"https:\/\/www.tallersantfeliu.com\/wp-content\/uploads\/2019\/07\/Electricitat-H-.jpg","contentUrl":"https:\/\/www.tallersantfeliu.com\/wp-content\/uploads\/2019\/07\/Electricitat-H-.jpg","width":1400,"height":400,"caption":"Electricitat | Taller Sant Feliu"},{"@type":"BreadcrumbList","@id":"https:\/\/www.tallersantfeliu.com\/es\/electricitat\/#breadcrumb","itemListElement":[{"@type":"ListItem","position":1,"name":"Home","item":"https:\/\/www.tallersantfeliu.com\/"},{"@type":"ListItem","position":2,"name":"Electricidad"}]},{"@type":"WebSite","@id":"https:\/\/www.tallersantfeliu.com\/#website","url":"https:\/\/www.tallersantfeliu.com\/","name":"Taller Sant Feliu","description":"Taller Sant Feliu. Carretera de Girona, 264. 17220 Sant Feliu de Gu\u00edxols","publisher":{"@id":"https:\/\/www.tallersantfeliu.com\/#organization"},"potentialAction":[{"@type":"SearchAction","target":{"@type":"EntryPoint","urlTemplate":"https:\/\/www.tallersantfeliu.com\/?s={search_term_string}"},"query-input":{"@type":"PropertyValueSpecification","valueRequired":true,"valueName":"search_term_string"}}],"inLanguage":"es"},{"@type":"Organization","@id":"https:\/\/www.tallersantfeliu.com\/#organization","name":"Taller Sant Feliu","url":"https:\/\/www.tallersantfeliu.com\/","logo":{"@type":"ImageObject","inLanguage":"es","@id":"https:\/\/www.tallersantfeliu.com\/#\/schema\/logo\/image\/","url":"https:\/\/www.tallersantfeliu.com\/wp-content\/uploads\/2019\/05\/Taller-Sant-Feliu-Logo-.png","contentUrl":"https:\/\/www.tallersantfeliu.com\/wp-content\/uploads\/2019\/05\/Taller-Sant-Feliu-Logo-.png","width":500,"height":76,"caption":"Taller Sant Feliu"},"image":{"@id":"https:\/\/www.tallersantfeliu.com\/#\/schema\/logo\/image\/"},"sameAs":["http:\/\/en20taller20sant20feliu20sabemos20que20el20buen20estado20de20los20neum\u00e1ticos20es20imprescindible20para20tu20seguridad.20son20el20\u00fanico20elemento20que20nacen20el20veh\u00edculo20con20el20suelo20te20asesoramos20a20la20hora20de20escoger20los20neum\u00e1ticos20m\u00e1s20adecuados20para20tu20veh\u00edculo20dentro20de20una20amplia20gama20de20modelos20y20precios20por20que20puedas20ir20seguro20independientemente20de20tu20presupuesto.20nos20encargamos20del20montaje20desmontaje20equilibrado20diagnosis20y20reparaci\u00f3n20de20tus20neum\u00e1ticos."]}]}},"_links":{"self":[{"href":"https:\/\/www.tallersantfeliu.com\/es\/wp-json\/wp\/v2\/pages\/42","targetHints":{"allow":["GET"]}}],"collection":[{"href":"https:\/\/www.tallersantfeliu.com\/es\/wp-json\/wp\/v2\/pages"}],"about":[{"href":"https:\/\/www.tallersantfeliu.com\/es\/wp-json\/wp\/v2\/types\/page"}],"author":[{"embeddable":true,"href":"https:\/\/www.tallersantfeliu.com\/es\/wp-json\/wp\/v2\/users\/1"}],"replies":[{"embeddable":true,"href":"https:\/\/www.tallersantfeliu.com\/es\/wp-json\/wp\/v2\/comments?post=42"}],"version-history":[{"count":0,"href":"https:\/\/www.tallersantfeliu.com\/es\/wp-json\/wp\/v2\/pages\/42\/revisions"}],"wp:featuredmedia":[{"embeddable":true,"href":"https:\/\/www.tallersantfeliu.com\/es\/wp-json\/wp\/v2\/media\/278"}],"wp:attachment":[{"href":"https:\/\/www.tallersantfeliu.com\/es\/wp-json\/wp\/v2\/media?parent=42"}],"curies":[{"name":"wp","href":"https:\/\/api.w.org\/{rel}","templated":true}]}}